{"id":1711,"date":"2015-07-31T15:25:01","date_gmt":"2015-07-31T15:25:01","guid":{"rendered":"http:\/\/partycypacjaobywatelska.pl\/forum-2015\/?page_id=1711"},"modified":"2015-07-31T15:30:11","modified_gmt":"2015-07-31T15:30:11","slug":"ewaluacja-2-fpp","status":"publish","type":"page","link":"https:\/\/partycypacjaobywatelska.pl\/forum-2015\/ewaluacja-2-fpp\/","title":{"rendered":"Ewaluacja 2. FPP"},"content":{"rendered":"<p>Poni\u017cej znajduje si\u0119 podsumowanie ewaluacji 2. Forum Praktyk\u00f3w Partycypacji.<\/p>\n<p>Obejmuje ono dwa sposoby zbierania ocen od uczestnik\u00f3w:<\/p>\n<p style=\"padding-left: 30px;\">1. Podczas Forum &#8211;\u00a0uczestnicy wype\u0142niali\u00a0papierow\u0105 ankiet\u0119.<\/p>\n<p style=\"padding-left: 30px;\">2.Poszczeg\u00f3lne sesje uczestnicy oceniali te\u017c odpowiadaj\u0105c na pytania ankiety internetowej, do kt\u00f3rej zaproszenie zosta\u0142o rozes\u0142ane po Forum.<\/p>\n<p><strong><span style=\"text-decoration: underline;\"><span style=\"color: #000000; text-decoration: underline;\">Podsumowanie dost\u0119pne jest <span style=\"color: #993366; text-decoration: underline;\"><a style=\"color: #993366; text-decoration: underline;\" href=\"http:\/\/partycypacjaobywatelska.pl\/forum-2015\/wp-content\/uploads\/sites\/3\/2015\/07\/ewaluacja-2.-FPP.pdf\">tutaj<\/a>.<\/span><\/span><\/span><\/strong><\/p>\n<p>Opracowanie przygotowa\u0142 Hubert Borowski<\/p>\n","protected":false},"excerpt":{"rendered":"<p>Poni\u017cej znajduje si\u0119 podsumowanie ewaluacji 2. Forum Praktyk\u00f3w Partycypacji. Obejmuje ono dwa sposoby zbierania ocen od uczestnik\u00f3w: 1. Podczas Forum &#8211;\u00a0uczestnicy wype\u0142niali\u00a0papierow\u0105 ankiet\u0119. 2.Poszczeg\u00f3lne sesje uczestnicy oceniali te\u017c odpowiadaj\u0105c na pytania ankiety internetowej, do kt\u00f3rej zaproszenie zosta\u0142o rozes\u0142ane po Forum. Podsumowanie dost\u0119pne jest tutaj. Opracowanie przygotowa\u0142 Hubert Borowski<\/p>\n","protected":false},"author":1,"featured_media":0,"parent":0,"menu_order":0,"comment_status":"open","ping_status":"open","template":"","meta":[],"_links":{"self":[{"href":"https:\/\/partycypacjaobywatelska.pl\/forum-2015\/wp-json\/wp\/v2\/pages\/1711"}],"collection":[{"href":"https:\/\/partycypacjaobywatelska.pl\/forum-2015\/wp-json\/wp\/v2\/pages"}],"about":[{"href":"https:\/\/partycypacjaobywatelska.pl\/forum-2015\/wp-json\/wp\/v2\/types\/page"}],"author":[{"embeddable":true,"href":"https:\/\/partycypacjaobywatelska.pl\/forum-2015\/wp-json\/wp\/v2\/users\/1"}],"replies":[{"embeddable":true,"href":"https:\/\/partycypacjaobywatelska.pl\/forum-2015\/wp-json\/wp\/v2\/comments?post=1711"}],"version-history":[{"count":3,"href":"https:\/\/partycypacjaobywatelska.pl\/forum-2015\/wp-json\/wp\/v2\/pages\/1711\/revisions"}],"predecessor-version":[{"id":1718,"href":"https:\/\/partycypacjaobywatelska.pl\/forum-2015\/wp-json\/wp\/v2\/pages\/1711\/revisions\/1718"}],"wp:attachment":[{"href":"https:\/\/partycypacjaobywatelska.pl\/forum-2015\/wp-json\/wp\/v2\/media?parent=1711"}],"curies":[{"name":"wp","href":"https:\/\/api.w.org\/{rel}","templated":true}]}}