{"id":1698,"date":"2015-07-24T08:57:32","date_gmt":"2015-07-24T08:57:32","guid":{"rendered":"http:\/\/partycypacjaobywatelska.pl\/forum-2015\/?page_id=1698"},"modified":"2015-07-31T15:04:30","modified_gmt":"2015-07-31T15:04:30","slug":"materialy-z-2-fpp","status":"publish","type":"page","link":"https:\/\/partycypacjaobywatelska.pl\/forum-2015\/materialy-z-2-fpp\/","title":{"rendered":"Materia\u0142y z 2. FPP"},"content":{"rendered":"<p>Zapraszamy do obejrzenia materia\u0142\u00f3w filmowych z 2. FPP<\/p>\n<p><strong>1. Podsumowanie wydarzenia:<\/strong><\/p>\n<p><iframe loading=\"lazy\" src=\"https:\/\/www.youtube.com\/embed\/QPgfYI10XAw\" width=\"560\" height=\"315\" frameborder=\"0\" allowfullscreen=\"allowfullscreen\"><\/iframe><\/p>\n<p><strong>2. Wyst\u0105pienia wprowadzaj\u0105ce<\/strong><\/p>\n<p>Wyst\u0105pienia:<\/p>\n<p>1. Przemys\u0142aw Dziewitek, Stowarzyszenie Pracownia Obywatelska<br \/>\n2. Susan M. Guerra, dyrektor Unit for Sustainability w urz\u0119dzie dzielnicy Sagene w Oslo<br \/>\n3. Inga Hajdarowicz<br \/>\n4. Ewa Lieder, Przewodnicz\u0105ca Zarz\u0105du Dzielnicy Wrzeszcz Dolny w Gda\u0144sku<br \/>\n5. Jaros\u0142aw Ogrodowski, Urz\u0105d Miasta \u0141odzi<br \/>\n6. Kuba Wygna\u0144ski, Pracownia bada\u0144 i Innowacji Spo\u0142ecznych &#8222;Stocznia&#8221;<\/p>\n<p>&nbsp;<\/p>\n<p><iframe loading=\"lazy\" src=\"https:\/\/www.youtube.com\/embed\/vf5H8uXPdMs\" width=\"560\" height=\"315\" frameborder=\"0\" allowfullscreen=\"allowfullscreen\"><\/iframe><br \/>\n<strong>3. Sesja &#8222;Potencjalne b\u0142\u0119dy i trudno\u015bci zwi\u0105zane z bud\u017cetem partycypacyjnym oraz sposoby radzenia sobie z nimi&#8221;<\/strong><\/p>\n<p>Prowadz\u0105cy:<\/p>\n<div class=\"page-content\">\n<p>Piotr Dryga\u0142a,\u00a0Urz\u0105d Miejski w D\u0105browie G\u00f3rniczej<br \/>\nBorys Martela, \u0141\u00f3dzkie Stowarzyszenie Inicjatyw Miejskich Topografie oraz Fundacja\u00a0MIEJSKI Kolektyw<\/p>\n<\/div>\n<p><iframe loading=\"lazy\" src=\"https:\/\/www.youtube.com\/embed\/SQoMM3iWXPw\" width=\"560\" height=\"315\" frameborder=\"0\" allowfullscreen=\"allowfullscreen\"><\/iframe><\/p>\n<p><strong>4. Sesja pt. &#8222;O podej\u015bciu partycypacyjnym do d\u0142ugofalowej wsp\u00f3\u0142pracy pomi\u0119dzy samorz\u0105dem a organizacjami pozarz\u0105dowymi&#8221; <\/strong><\/p>\n<p>Prowadz\u0105ca:<\/p>\n<p>Susan Guerra,\u00a0dyrektorka Unit for Sustainability w urz\u0119dzie dzielnicy Sagene w Oslo<br \/>\n<iframe loading=\"lazy\" src=\"https:\/\/www.youtube.com\/embed\/DGmzKxurn2I\" width=\"560\" height=\"315\" frameborder=\"0\" allowfullscreen=\"allowfullscreen\"><\/iframe><br \/>\n<strong>5. Sesja pt. &#8222;Jak tworzy\u0107 przestrze\u0144 dla dobrej dyskusji i spotkania? \u2013 rola i zadania moderatora&#8221;<\/strong><\/p>\n<p>Prowadz\u0105ce:<\/p>\n<p>Agnieszka Maszkowska, Fundacja SocLab<br \/>\nDorota Kostowska \u2013 facylitatorka graficzna, specka od webinari\u00f3w, trenerka wyst\u0105pie\u0144 publicznych<br \/>\n<iframe loading=\"lazy\" src=\"https:\/\/www.youtube.com\/embed\/f1XJpnxfeMk\" width=\"560\" height=\"315\" frameborder=\"0\" allowfullscreen=\"allowfullscreen\"><\/iframe><\/p>\n<p><strong>6. Sesja pt. &#8222;Seniorzy i seniority \u2013 czy i jak partycypuj\u0105?&#8221;<\/strong><\/p>\n<p>Prowadz\u0105ce:<\/p>\n<p>Maria Nowak, Pracownia Bada\u0144 i Innowacji Spo\u0142ecznych \u201eStocznia\u201d<br \/>\nKatarzyna Sztop-Rutkowska, Fundacja SocLab<br \/>\n<iframe loading=\"lazy\" src=\"https:\/\/www.youtube.com\/embed\/3pr72NG1A8U\" width=\"560\" height=\"315\" frameborder=\"0\" allowfullscreen=\"allowfullscreen\"><\/iframe><br \/>\nNagrania autorstwa Filipa Koneckiego<\/p>\n","protected":false},"excerpt":{"rendered":"<p>Zapraszamy do obejrzenia materia\u0142\u00f3w filmowych z 2. FPP 1. Podsumowanie wydarzenia: 2. Wyst\u0105pienia wprowadzaj\u0105ce Wyst\u0105pienia: 1. Przemys\u0142aw Dziewitek, Stowarzyszenie Pracownia Obywatelska 2. Susan M. Guerra, dyrektor Unit for Sustainability w urz\u0119dzie dzielnicy Sagene w Oslo 3. Inga Hajdarowicz 4. Ewa Lieder, Przewodnicz\u0105ca Zarz\u0105du Dzielnicy Wrzeszcz Dolny w Gda\u0144sku 5. Jaros\u0142aw Ogrodowski, Urz\u0105d Miasta \u0141odzi 6. [&hellip;]<\/p>\n","protected":false},"author":1,"featured_media":0,"parent":0,"menu_order":0,"comment_status":"open","ping_status":"open","template":"","meta":[],"_links":{"self":[{"href":"https:\/\/partycypacjaobywatelska.pl\/forum-2015\/wp-json\/wp\/v2\/pages\/1698"}],"collection":[{"href":"https:\/\/partycypacjaobywatelska.pl\/forum-2015\/wp-json\/wp\/v2\/pages"}],"about":[{"href":"https:\/\/partycypacjaobywatelska.pl\/forum-2015\/wp-json\/wp\/v2\/types\/page"}],"author":[{"embeddable":true,"href":"https:\/\/partycypacjaobywatelska.pl\/forum-2015\/wp-json\/wp\/v2\/users\/1"}],"replies":[{"embeddable":true,"href":"https:\/\/partycypacjaobywatelska.pl\/forum-2015\/wp-json\/wp\/v2\/comments?post=1698"}],"version-history":[{"count":3,"href":"https:\/\/partycypacjaobywatelska.pl\/forum-2015\/wp-json\/wp\/v2\/pages\/1698\/revisions"}],"predecessor-version":[{"id":1702,"href":"https:\/\/partycypacjaobywatelska.pl\/forum-2015\/wp-json\/wp\/v2\/pages\/1698\/revisions\/1702"}],"wp:attachment":[{"href":"https:\/\/partycypacjaobywatelska.pl\/forum-2015\/wp-json\/wp\/v2\/media?parent=1698"}],"curies":[{"name":"wp","href":"https:\/\/api.w.org\/{rel}","templated":true}]}}