{"id":1391,"date":"2015-05-28T19:02:07","date_gmt":"2015-05-28T19:02:07","guid":{"rendered":"http:\/\/partycypacjaobywatelska.pl\/forum-2015\/?page_id=1391"},"modified":"2015-05-28T19:02:07","modified_gmt":"2015-05-28T19:02:07","slug":"partycypacja-osob-z-niepelnosprawnoscia","status":"publish","type":"page","link":"https:\/\/partycypacjaobywatelska.pl\/forum-2015\/partycypacja-osob-z-niepelnosprawnoscia\/","title":{"rendered":"Partycypacja os\u00f3b z niepe\u0142nosprawno\u015bci\u0105"},"content":{"rendered":"<p><span style=\"color: #808080;\">Prowadz\u0105cy: <span style=\"color: #000000;\">Damian Wojciech Duda\u0142a, Fundacja Instytut Bada\u0144 i Rozwoju Lokalnego<\/span><\/span><\/p>\n<p><span style=\"color: #808080;\">Termin:<\/span> 2. dzie\u0144 (29 maja, pi\u0105tek), godz. 10:45-12:15<\/p>\n<p><span style=\"color: #808080;\">Miejsce:<\/span> I pi\u0119tro<\/p>\n<p dir=\"ltr\"><span style=\"color: #999999;\">Formu\u0142a sesji:<\/span> <span style=\"color: #000000;\">sesja dyskusyjna z elementami szkolenia<\/span><\/p>\n<p dir=\"ltr\">Czy zastanawia\u0142e\u015b\/a\u015b si\u0119, jakie s\u0105 powody niskiego poziomu anga\u017cowania si\u0119 w lokalne sprawy mieszka\u0144c\u00f3w z r\u00f3\u017cnymi rodzajami niepe\u0142nosprawno\u015bci? Czy g\u0142osy tej grupy spo\u0142ecznej s\u0105 s\u0142yszalne w konstruowaniu lokalnych inicjatyw, polityk publicznych? Czy informacje o lokalnych inicjatywach dzia\u0142aniach, konsultacjach spo\u0142ecznych s\u0105 dost\u0119pne dla os\u00f3b z niepe\u0142nosprawno\u015bci\u0105? Potrzebny jest nie tylko wzrost \u015bwiadomo\u015bci potrzeby uczestniczenia os\u00f3b z r\u00f3\u017cnymi rodzajami niepe\u0142nosprawno\u015bci w lokalnej spo\u0142eczno\u015bci, polityce, ale przede wszystkim \u015bwiadomo\u015b\u0107 o potrzebie planowania dzia\u0142a\u0144, informowania i anga\u017cowania, uwzgl\u0119dniaj\u0105cej potrzeby i mo\u017cliwo\u015bci wynikaj\u0105cych z niepe\u0142nosprawno\u015bci.<\/p>\n","protected":false},"excerpt":{"rendered":"<p>Prowadz\u0105cy: Damian Wojciech Duda\u0142a, Fundacja Instytut Bada\u0144 i Rozwoju Lokalnego Termin: 2. dzie\u0144 (29 maja, pi\u0105tek), godz. 10:45-12:15 Miejsce: I pi\u0119tro Formu\u0142a sesji: sesja dyskusyjna z elementami szkolenia Czy zastanawia\u0142e\u015b\/a\u015b si\u0119, jakie s\u0105 powody niskiego poziomu anga\u017cowania si\u0119 w lokalne sprawy mieszka\u0144c\u00f3w z r\u00f3\u017cnymi rodzajami niepe\u0142nosprawno\u015bci? Czy g\u0142osy tej grupy spo\u0142ecznej s\u0105 s\u0142yszalne w konstruowaniu [&hellip;]<\/p>\n","protected":false},"author":1,"featured_media":0,"parent":0,"menu_order":0,"comment_status":"open","ping_status":"open","template":"template-forum_praktykow.php","meta":[],"_links":{"self":[{"href":"https:\/\/partycypacjaobywatelska.pl\/forum-2015\/wp-json\/wp\/v2\/pages\/1391"}],"collection":[{"href":"https:\/\/partycypacjaobywatelska.pl\/forum-2015\/wp-json\/wp\/v2\/pages"}],"about":[{"href":"https:\/\/partycypacjaobywatelska.pl\/forum-2015\/wp-json\/wp\/v2\/types\/page"}],"author":[{"embeddable":true,"href":"https:\/\/partycypacjaobywatelska.pl\/forum-2015\/wp-json\/wp\/v2\/users\/1"}],"replies":[{"embeddable":true,"href":"https:\/\/partycypacjaobywatelska.pl\/forum-2015\/wp-json\/wp\/v2\/comments?post=1391"}],"version-history":[{"count":1,"href":"https:\/\/partycypacjaobywatelska.pl\/forum-2015\/wp-json\/wp\/v2\/pages\/1391\/revisions"}],"predecessor-version":[{"id":1392,"href":"https:\/\/partycypacjaobywatelska.pl\/forum-2015\/wp-json\/wp\/v2\/pages\/1391\/revisions\/1392"}],"wp:attachment":[{"href":"https:\/\/partycypacjaobywatelska.pl\/forum-2015\/wp-json\/wp\/v2\/media?parent=1391"}],"curies":[{"name":"wp","href":"https:\/\/api.w.org\/{rel}","templated":true}]}}