{"id":1388,"date":"2015-05-28T18:57:03","date_gmt":"2015-05-28T18:57:03","guid":{"rendered":"http:\/\/partycypacjaobywatelska.pl\/forum-2015\/?page_id=1388"},"modified":"2015-06-18T08:33:42","modified_gmt":"2015-06-18T08:33:42","slug":"spacery-badawcze-czyli-partycypacja-w-diagnozie-przestrzeni-miasta","status":"publish","type":"page","link":"https:\/\/partycypacjaobywatelska.pl\/forum-2015\/spacery-badawcze-czyli-partycypacja-w-diagnozie-przestrzeni-miasta\/","title":{"rendered":"Spacery badawcze, czyli partycypacja w diagnozie przestrzeni miasta"},"content":{"rendered":"<p><span style=\"color: #808080\">Prowadz\u0105cy: <span style=\"color: #000000\">Wojciech Matejko, Stowarzyszenie Flaneur<\/span><\/span><\/p>\n<p><span style=\"color: #808080\">Termin:<\/span> 2. dzie\u0144 (29 maja, pi\u0105tek), godz. 12:45-14:15<\/p>\n<p><span style=\"color: #808080\">Miejsce:<\/span> I pi\u0119tro<\/p>\n<p dir=\"ltr\"><span style=\"color: #999999\">Formu\u0142a sesji:<\/span>\u00a0wymiana do\u015bwiadcze\u0144<\/p>\n<p>Na sesj\u0119 sk\u0142ada\u0142a si\u0119 prezentacja pomys\u0142u na cykl spacer\u00f3w badawczych oraz wymiana do\u015bwiadcze\u0144 z realizacji i uczestnictwa w podobnych spacerach. Spr\u00f3bowali\u015bmy odpowiedzie\u0107 na wa\u017cne i trudne pytania o to, jak anga\u017cowa\u0107 mieszka\u0144c\u00f3w, o\u00a0metodologi\u0119 obserwacji i kompetencje mieszka\u0144c\u00f3w, a tak\u017ce czy spacery badawcze mog\u0105 by\u0107 wsparciem bud\u017cet\u00f3w partycypacyjnych?<\/p>\n<p><a href=\"http:\/\/partycypacjaobywatelska.pl\/forum-2015\/program\/\">Powr\u00f3t do programu Forum<\/a><\/p>\n<div id='gallery-1' class='gallery galleryid-1388 gallery-columns-3 gallery-size-thumbnail'><dl class='gallery-item'>\n\t\t\t<dt class='gallery-icon landscape'>\n\t\t\t\t<a href='https:\/\/partycypacjaobywatelska.pl\/forum-2015\/spacery-badawcze-czyli-partycypacja-w-diagnozie-przestrzeni-miasta\/_j2a0127-3\/'><img width=\"150\" height=\"150\" src=\"https:\/\/partycypacjaobywatelska.pl\/forum-2015\/wp-content\/uploads\/sites\/3\/2015\/05\/J2A0127-3-150x150.jpg\" class=\"attachment-thumbnail size-thumbnail\" alt=\"\" loading=\"lazy\" \/><\/a>\n\t\t\t<\/dt><\/dl><dl class='gallery-item'>\n\t\t\t<dt class='gallery-icon landscape'>\n\t\t\t\t<a href='https:\/\/partycypacjaobywatelska.pl\/forum-2015\/spacery-badawcze-czyli-partycypacja-w-diagnozie-przestrzeni-miasta\/_j2a0118-3\/'><img width=\"150\" height=\"150\" src=\"https:\/\/partycypacjaobywatelska.pl\/forum-2015\/wp-content\/uploads\/sites\/3\/2015\/05\/J2A0118-3-150x150.jpg\" class=\"attachment-thumbnail size-thumbnail\" alt=\"\" loading=\"lazy\" \/><\/a>\n\t\t\t<\/dt><\/dl><dl class='gallery-item'>\n\t\t\t<dt class='gallery-icon landscape'>\n\t\t\t\t<a href='https:\/\/partycypacjaobywatelska.pl\/forum-2015\/spacery-badawcze-czyli-partycypacja-w-diagnozie-przestrzeni-miasta\/_j2a0130-3\/'><img width=\"150\" height=\"150\" src=\"https:\/\/partycypacjaobywatelska.pl\/forum-2015\/wp-content\/uploads\/sites\/3\/2015\/05\/J2A0130-3-150x150.jpg\" class=\"attachment-thumbnail size-thumbnail\" alt=\"\" loading=\"lazy\" \/><\/a>\n\t\t\t<\/dt><\/dl><br style=\"clear: both\" \/><dl class='gallery-item'>\n\t\t\t<dt class='gallery-icon portrait'>\n\t\t\t\t<a href='https:\/\/partycypacjaobywatelska.pl\/forum-2015\/spacery-badawcze-czyli-partycypacja-w-diagnozie-przestrzeni-miasta\/_j2a0138-3\/'><img width=\"150\" height=\"150\" src=\"https:\/\/partycypacjaobywatelska.pl\/forum-2015\/wp-content\/uploads\/sites\/3\/2015\/05\/J2A0138-3-150x150.jpg\" class=\"attachment-thumbnail size-thumbnail\" alt=\"\" loading=\"lazy\" \/><\/a>\n\t\t\t<\/dt><\/dl><dl class='gallery-item'>\n\t\t\t<dt class='gallery-icon landscape'>\n\t\t\t\t<a href='https:\/\/partycypacjaobywatelska.pl\/forum-2015\/spacery-badawcze-czyli-partycypacja-w-diagnozie-przestrzeni-miasta\/_j2a0141-3\/'><img width=\"150\" height=\"150\" src=\"https:\/\/partycypacjaobywatelska.pl\/forum-2015\/wp-content\/uploads\/sites\/3\/2015\/05\/J2A0141-3-150x150.jpg\" class=\"attachment-thumbnail size-thumbnail\" alt=\"\" loading=\"lazy\" \/><\/a>\n\t\t\t<\/dt><\/dl>\n\t\t\t<br style='clear: both' \/>\n\t\t<\/div>\n\n<p>&nbsp;<\/p>\n<p>&nbsp;<\/p>\n","protected":false},"excerpt":{"rendered":"<p>Prowadz\u0105cy: Wojciech Matejko, Stowarzyszenie Flaneur Termin: 2. dzie\u0144 (29 maja, pi\u0105tek), godz. 12:45-14:15 Miejsce: I pi\u0119tro Formu\u0142a sesji:\u00a0wymiana do\u015bwiadcze\u0144 Na sesj\u0119 sk\u0142ada\u0142a si\u0119 prezentacja pomys\u0142u na cykl spacer\u00f3w badawczych oraz wymiana do\u015bwiadcze\u0144 z realizacji i uczestnictwa w podobnych spacerach. Spr\u00f3bowali\u015bmy odpowiedzie\u0107 na wa\u017cne i trudne pytania o to, jak anga\u017cowa\u0107 mieszka\u0144c\u00f3w, o\u00a0metodologi\u0119 obserwacji i kompetencje [&hellip;]<\/p>\n","protected":false},"author":1,"featured_media":0,"parent":0,"menu_order":0,"comment_status":"open","ping_status":"open","template":"template-forum_praktykow.php","meta":[],"_links":{"self":[{"href":"https:\/\/partycypacjaobywatelska.pl\/forum-2015\/wp-json\/wp\/v2\/pages\/1388"}],"collection":[{"href":"https:\/\/partycypacjaobywatelska.pl\/forum-2015\/wp-json\/wp\/v2\/pages"}],"about":[{"href":"https:\/\/partycypacjaobywatelska.pl\/forum-2015\/wp-json\/wp\/v2\/types\/page"}],"author":[{"embeddable":true,"href":"https:\/\/partycypacjaobywatelska.pl\/forum-2015\/wp-json\/wp\/v2\/users\/1"}],"replies":[{"embeddable":true,"href":"https:\/\/partycypacjaobywatelska.pl\/forum-2015\/wp-json\/wp\/v2\/comments?post=1388"}],"version-history":[{"count":3,"href":"https:\/\/partycypacjaobywatelska.pl\/forum-2015\/wp-json\/wp\/v2\/pages\/1388\/revisions"}],"predecessor-version":[{"id":1564,"href":"https:\/\/partycypacjaobywatelska.pl\/forum-2015\/wp-json\/wp\/v2\/pages\/1388\/revisions\/1564"}],"wp:attachment":[{"href":"https:\/\/partycypacjaobywatelska.pl\/forum-2015\/wp-json\/wp\/v2\/media?parent=1388"}],"curies":[{"name":"wp","href":"https:\/\/api.w.org\/{rel}","templated":true}]}}