{"id":12,"date":"2015-04-27T08:32:56","date_gmt":"2015-04-27T08:32:56","guid":{"rendered":"http:\/\/partycypacjaobywatelska.pl\/forum-2015\/?page_id=12"},"modified":"2016-04-07T13:56:56","modified_gmt":"2016-04-07T13:56:56","slug":"program","status":"publish","type":"page","link":"https:\/\/partycypacjaobywatelska.pl\/forum-2015\/program\/","title":{"rendered":"Program"},"content":{"rendered":"<table style=\"height: 1155px; width: 529px;\" width=\"503\" cellspacing=\"0\">\n<tbody>\n<tr>\n<td style=\"width: 200px;\">9:30 &#8211; 10:30<\/td>\n<td><strong>Rejestracja uczestnik\u00f3w<\/strong><\/td>\n<td><\/td>\n<\/tr>\n<tr>\n<td>10:30 &#8211; 11:30<\/td>\n<td><strong>Rozpocz\u0119cie Forum i poznanie si\u0119 uczestnik\u00f3w<\/strong><\/td>\n<td><\/td>\n<\/tr>\n<tr>\n<td>11:30 &#8211; 12:15<\/td>\n<td><strong><a href=\"http:\/\/partycypacjaobywatelska.pl\/forum-2015\/wystapienia-wprowadzajace\/\">Wyst\u0105pienia wprowadzaj\u0105ce<\/a><\/strong><strong><br \/>\n<\/strong><\/td>\n<td><\/td>\n<\/tr>\n<tr>\n<td>12:15 &#8211; 12:45<\/td>\n<td><em>Przerwa na kaw\u0119<br \/>\n<\/em><\/td>\n<td><\/td>\n<\/tr>\n<tr>\n<td>12:45 &#8211; 14:45<\/td>\n<td><strong>Pierwszy blok r\u00f3wnolegle odbywaj\u0105cych si\u0119 sesji:<br \/>\n<\/strong><\/p>\n<p style=\"padding-left: 30px;\">1. <a href=\"http:\/\/partycypacjaobywatelska.pl\/forum-2015\/festiwal-porazek-2\/\">Festiwal Pora\u017cek 2<\/a><br \/>\n2. <a href=\"http:\/\/partycypacjaobywatelska.pl\/forum-2015\/mapowanie-uczestnikow-jak-o-nikim-nie-zapomniec\">Jak identyfikowa\u0107 uczestnik\u00f3w proces\u00f3w partycypacyjnych?<br \/>\n<\/a>3. <a href=\"http:\/\/partycypacjaobywatelska.pl\/forum-2015\/jak-zaplanowac-i-zaprojektowac-wspolna-przestrzen\/\">Jak zaplanowa\u0107 i zaprojektowa\u0107 wsp\u00f3ln\u0105 przestrze\u0144?<\/a><br \/>\n4. <a href=\"http:\/\/partycypacjaobywatelska.pl\/forum-2015\/bp\/\">Potencjalne b\u0142\u0119dy i trudno\u015bci zwi\u0105zane z bud\u017cetem partycypacyjnym oraz sposoby radzenia sobie z nimi<\/a><br \/>\n5. <a href=\"http:\/\/partycypacjaobywatelska.pl\/forum-2015\/service-design-thinking-czyli-od-pomyslu-do-prototypu-razem-z-mieszkancami\/\">Service design thinking, czyli od pomys\u0142u do prototypu razem z mieszka\u0144cami<\/a><br \/>\n6. <a href=\"http:\/\/partycypacjaobywatelska.pl\/forum-2015\/trolle-w-partycypacji-czy-na-pewno-wiemy-kto-to\/\">Trolle w partycypacji. Czy na pewno wiemy, kto to?<\/a><\/p>\n<\/td>\n<td><\/td>\n<\/tr>\n<tr>\n<td>14:45 &#8211; 15:45<\/td>\n<td><em>Lunch<\/em><\/td>\n<td><\/td>\n<\/tr>\n<tr>\n<td>15:45 &#8211; 17:45<\/td>\n<td><strong>Drugi blok r\u00f3wnolegle odbywaj\u0105cych si\u0119 sesji:<br \/>\n<\/strong><\/p>\n<p style=\"padding-left: 30px;\">1. <a href=\"http:\/\/partycypacjaobywatelska.pl\/forum-2015\/czy-budzet-partycypacyjny-upodmiotawia-przypadek-medellin-w-kolumbii\/\">Czy bud\u017cet partycypacyjny upodmiotawia? Przypadek Medellin w Kolumbii<\/a><br \/>\n2. <a href=\"http:\/\/partycypacjaobywatelska.pl\/forum-2015\/czy-mozliwe-jest-tworzenie-lokalnych-polityk-publicznych-z-mieszkancami\/\">Czy mo\u017cliwe jest tworzenie lokalnych polityk publicznych z mieszka\u0144cami?<br \/>\n<\/a>3. <a href=\"http:\/\/partycypacjaobywatelska.pl\/forum-2015\/partycypacja-mlodych-ludzi-co-robimy-zeby-miala-sens-i-byla-atrakcyjna\/\">Partycypacja m\u0142odych ludzi \u2013 co robimy, \u017ceby mia\u0142a sens i by\u0142a atrakcyjna?<\/a><br \/>\n4. <a href=\"http:\/\/partycypacjaobywatelska.pl\/forum-2015\/partycypacja-w-spoldzielniach-mieszkaniowych\/\" target=\"_blank\">Partycypacja w sp\u00f3\u0142dzielniach mieszkaniowych<\/a><br \/>\n5. <a href=\"http:\/\/partycypacjaobywatelska.pl\/forum-2015\/partycypacja-w-rewitalizacji\/\">Partycypacja w rewitalizacji<\/a><br \/>\n6. <a href=\"http:\/\/partycypacjaobywatelska.pl\/forum-2015\/wypalenie-zawodowe-praktykow-partycypacji-jak-sobie-z-nim-radzic\/\">Wypalenie zawodowe praktyk\u00f3w partycypacji \u2013 jak sobie z nim radzi\u0107?<\/a><\/p>\n<\/td>\n<td><\/td>\n<\/tr>\n<tr>\n<td>17:45 &#8211; 18:15<\/td>\n<td><em><strong>Plany konkursowe Ministerstwa Infrastruktury i Rozwoju zwi\u0105zane z tematem partycypacji obywatelskiej <\/strong>\u2013 kr\u00f3tkie spotkanie informacyjne<\/em><\/td>\n<td><\/td>\n<\/tr>\n<tr>\n<td>18.00<\/td>\n<td><em>Kolacja<\/em><\/td>\n<td><\/td>\n<\/tr>\n<tr>\n<td>\u00a0od 20.00<\/td>\n<td>\u00a0<strong><a href=\"http:\/\/partycypacjaobywatelska.pl\/forum-2015\/aktywnosci-wieczorne\/\">Aktywno\u015bci wieczorne<\/a><\/strong><\/td>\n<td><\/td>\n<\/tr>\n<tr>\n<td><\/td>\n<td><\/td>\n<td><\/td>\n<\/tr>\n<\/tbody>\n<\/table>\n<p><!--more--><\/p>\n<table style=\"height: 1504px; width: 505px;\" width=\"507\" cellspacing=\"0\">\n<tbody>\n<tr>\n<td style=\"width: 200px;\">9:30 &#8211; 10:30<\/td>\n<td><strong>Pierwszy blok r\u00f3wnolegle odbywaj\u0105cych si\u0119 sesji &#8211; spotkania \u015bniadaniowe<br \/>\n<\/strong><\/p>\n<p style=\"padding-left: 30px;\">1. <a href=\"http:\/\/partycypacjaobywatelska.pl\/forum-2015\/ewaluacja-budzetow-partycypacyjnych\/\">Ewaluacja bud\u017cetu partycypacyjnego<\/a><br \/>\n2. <a href=\"http:\/\/partycypacjaobywatelska.pl\/forum-2015\/jak-odnalezc-i-madrze-wspierac-urzednikow-ktorzy-chca-zmiany\/\">Jak odnale\u017a\u0107 i m\u0105drze wspiera\u0107 urz\u0119dnik\u00f3w, kt\u00f3rzy chc\u0105 zmiany?<\/a><br \/>\n3. <a href=\"http:\/\/partycypacjaobywatelska.pl\/forum-2015\/ludzie-chca-innych-ulic\/\">Ludzie chc\u0105 innych ulic<\/a><br \/>\n4. <a href=\"http:\/\/partycypacjaobywatelska.pl\/forum-2015\/902-2\/\">Miejskie ogrodnictwo &#8211; czy zawsze zbieramy to, co zasiejemy?<\/a><br \/>\n5. <a href=\"http:\/\/partycypacjaobywatelska.pl\/forum-2015\/o-podejsciu-partycypacyjnym-do-dlugofalowej-wspolpracy-pomiedzy-samorzadem-o-organizacjami-pozarzadowymi\/\">O podej\u015bciu partycypacyjnym do d\u0142ugofalowej wsp\u00f3\u0142pracy pomi\u0119dzy samorz\u0105dem a\u00a0organizacjami pozarz\u0105dowymi<\/a><br \/>\n6. <a href=\"http:\/\/partycypacjaobywatelska.pl\/forum-2015\/osiedle-domkow-finskich-jazdow-w-warszawie-ludzie-i-przestrzen\/\">Osiedle Domk\u00f3w Fi\u0144skich Jazd\u00f3w w Warszawie \u2013 ludzie i przestrze\u0144<\/a><br \/>\n7. <a href=\"http:\/\/partycypacjaobywatelska.pl\/forum-2015\/outsourcing-partycypacji-czyli-o-tym-czy-mozna-i-czy-powinno-korzystac-sie-z-kazdej-propozycji\/\">Outsourcing partycypacji &#8211; czyli o tym, czy mo\u017cna i czy powinno si\u0119 korzysta\u0107 z ka\u017cdej propozycji<\/a><br \/>\n8. <a href=\"http:\/\/partycypacjaobywatelska.pl\/forum-2015\/sztuka-miasto-i-partycypacja-mozliwe-scenariusze-wspolistnienia-oraz-ich-konsekwencje\/\">Sztuka, miasto i partycypacja \u2013 mo\u017cliwe scenariusze wsp\u00f3\u0142istnienia oraz ich konsekwencje<\/a><br \/>\n9. <a href=\"http:\/\/partycypacjaobywatelska.pl\/forum-2015\/z-klasa-o-kulturze\/\">Z klas\u0105 o kulturze<\/a><a href=\"http:\/\/partycypacjaobywatelska.pl\/forum-2015\/z-klasa-o-kulturze\/\"><br \/>\n<\/a><\/p>\n<\/td>\n<\/tr>\n<tr>\n<td>10.30 &#8211; 10.45<\/td>\n<td><em>Przerwa<\/em><\/td>\n<\/tr>\n<tr>\n<td>10:45 &#8211; 12:15<\/td>\n<td><strong>Drugi blok r\u00f3wnolegle odbywaj\u0105cych si\u0119 sesji<\/strong><strong>:<\/strong><em><em><strong><br \/>\n<\/strong><\/em><\/em><\/p>\n<p style=\"padding-left: 30px;\">1.<a href=\"http:\/\/partycypacjaobywatelska.pl\/forum-2015\/badaj-i-partycypuj-diagnoza-lokalna-jako-element-procesow-uspoleczniania-decyzji\/\"> Badaj i partycypuj. Diagnoza lokalna jako element proces\u00f3w uspo\u0142eczniania decyzji<\/a><br \/>\n2.<a href=\"http:\/\/partycypacjaobywatelska.pl\/forum-2015\/jak-tworzyc-przestrzen-dla-dobrej-dyskusji-i-spotkania-rola-i-zadania-moderatora\/\"> Jak tworzy\u0107 przestrze\u0144 dla dobrej dyskusji i spotkania? \u2013 rola i zadania moderatora<\/a><br \/>\n3. <a href=\"http:\/\/partycypacjaobywatelska.pl\/forum-2015\/jakosc-i-znaczenie-konsultacji-spolecznych-czyli-jak-uruchamiac-procesy-dialogu-z-mieszkancami-w-otoczeniu-nieprzygotowanym-do-partycypacji\/\">Jako\u015b\u0107 i znaczenie konsultacji spo\u0142ecznych &#8211; czyli jak uruchamia\u0107 procesy dialogu z mieszka\u0144cami w otoczeniu nieprzygotowanym do partycypacji<\/a><br \/>\n4. <a href=\"http:\/\/partycypacjaobywatelska.pl\/forum-2015\/partycypacja-i-co-dalej-po-co-i-jak-sprawdzac-czy-nasze-dzialania-wplynely-na-rzeczywistosc\/\">Partycypacja i co dalej? Po co i jak sprawdza\u0107, czy nasze dzia\u0142ania wp\u0142yn\u0119\u0142y na rzeczywisto\u015b\u0107?<\/a><a href=\"http:\/\/partycypacjaobywatelska.pl\/forum-2015\/partycypacja-w-instytucjach-publicznych-jednorazowy-projekt-czy-dlugotrwala-zmiana\/\"><br \/>\n<\/a>5<a href=\"http:\/\/partycypacjaobywatelska.pl\/forum-2015\/partycypacja-w-instytucjach-publicznych-jednorazowy-projekt-czy-dlugotrwala-zmiana\/\">. <\/a><a href=\"http:\/\/partycypacjaobywatelska.pl\/forum-2015\/partycypacja-w-instytucjach-publicznych-jednorazowy-projekt-czy-dlugotrwala-zmiana\/\">Partycypacja w instytucjach publicznych &#8211; jednorazowy projekt czy d\u0142ugotrwa\u0142a zmiana?<\/a><br \/>\n6. <a href=\"http:\/\/partycypacjaobywatelska.pl\/forum-2015\/rady-dzielnic-osiedli-pomagaja-czy-przeszkadzaja-w-procesach-partycypacji-obywatelskiej\/\">Rady dzielnic \/ osiedli pomagaj\u0105 czy przeszkadzaj\u0105 w procesach partycypacji obywatelskiej?<\/a><br \/>\n7. <a href=\"http:\/\/partycypacjaobywatelska.pl\/forum-2015\/partycypacja-osob-z-niepelnosprawnoscia\">Partycypacja os\u00f3b z niepe\u0142nosprawno\u015bci\u0105<\/a> &#8211; SESJA ZG\u0141OSZONA PIERWSZEGO DNIA FORUM<\/p>\n<\/td>\n<\/tr>\n<tr>\n<td>12:15 &#8211; 12:45<\/td>\n<td><em>Przerwa na kaw\u0119<\/em><\/td>\n<\/tr>\n<tr>\n<td>12:45 &#8211; 14:15<\/td>\n<td><strong>Trzeci blok r\u00f3wnolegle odbywaj\u0105cych si\u0119 sesji<strong>:<\/strong><\/strong><em><em><strong><br \/>\n<\/strong><\/em><\/em><\/p>\n<p style=\"padding-left: 30px;\">1.\u00a0<a href=\"http:\/\/partycypacjaobywatelska.pl\/forum-2015\/obywatelski-samorzad\/\">Obywatelski samorz\u0105d <\/a><a href=\"http:\/\/partycypacjaobywatelska.pl\/forum-2015\/partycypacja-a-konflikt-razem-czy-osobno\/\"><br \/>\n<\/a>2.<a href=\"http:\/\/partycypacjaobywatelska.pl\/forum-2015\/partycypacja-a-konflikt-razem-czy-osobno\/\"> Partycypacja a konflikt \u2013 razem czy osobno?<br \/>\n<\/a>3. <a href=\"http:\/\/partycypacjaobywatelska.pl\/forum-2015\/partycypacja-dzieci-czy-mozna-czy-warto\/\">Partycypacja dzieci. Czy mo\u017cna? Czy warto?<\/a><a href=\"http:\/\/partycypacjaobywatelska.pl\/forum-2015\/partycypacja-a-konflikt-razem-czy-osobno\/\"><br \/>\n<\/a>4. <a href=\"http:\/\/partycypacjaobywatelska.pl\/forum-2015\/seniorzy-i-seniority-czy-i-jak-partycypuja\/\">Seniorzy i seniority &#8211; czy i jak partycypuj\u0105?<\/a><br \/>\n5. <a href=\"http:\/\/partycypacjaobywatelska.pl\/forum-2015\/tworcze-spolecznosci-animacja-kultury-jako-narzedzie-partycypacji\/\">Tw\u00f3rcze spo\u0142eczno\u015bci \u2013 animacja kultury jako narz\u0119dzie partycypacji<\/a><br \/>\n6. <a href=\"http:\/\/partycypacjaobywatelska.pl\/forum-2015\/z-polskiego-na-nasze-jak-mowic-o-trudnych-rzeczach-w-prosty-sposob\/\">Z polskiego na nasze \u2013 jak m\u00f3wi\u0107 o trudnych rzeczach w prosty spos\u00f3b?<br \/>\n<\/a>7. <a href=\"http:\/\/partycypacjaobywatelska.pl\/forum-2015\/spacery-badawcze-czyli-partycypacja-w-diagnozie-przestrzeni-miasta\">Spacery badawcze, czyli partycypacja w diagnozie przestrzeni miasta<\/a> &#8211; SESJA ZG\u0141OSZONA PIERWSZEGO DNIA FORUM<\/p>\n<\/td>\n<\/tr>\n<tr>\n<td>14:15 &#8211; 15:15<\/td>\n<td><em>Lunch<\/em><\/td>\n<\/tr>\n<tr>\n<td>15:15 &#8211; 16:30<\/td>\n<td>\u00a0<strong>Sesja podsumowuj\u0105ca\u00a0i zako\u0144czenie Forum<\/strong><\/td>\n<\/tr>\n<\/tbody>\n<\/table>\n<p>&nbsp;<\/p>\n","protected":false},"excerpt":{"rendered":"<p>9:30 &#8211; 10:30 Rejestracja uczestnik\u00f3w 10:30 &#8211; 11:30 Rozpocz\u0119cie Forum i poznanie si\u0119 uczestnik\u00f3w 11:30 &#8211; 12:15 Wyst\u0105pienia wprowadzaj\u0105ce 12:15 &#8211; 12:45 Przerwa na kaw\u0119 12:45 &#8211; 14:45 Pierwszy blok r\u00f3wnolegle odbywaj\u0105cych si\u0119 sesji: 1. Festiwal Pora\u017cek 2 2. Jak identyfikowa\u0107 uczestnik\u00f3w proces\u00f3w partycypacyjnych? 3. Jak zaplanowa\u0107 i zaprojektowa\u0107 wsp\u00f3ln\u0105 przestrze\u0144? 4. Potencjalne b\u0142\u0119dy i [&hellip;]<\/p>\n","protected":false},"author":1,"featured_media":0,"parent":0,"menu_order":0,"comment_status":"open","ping_status":"open","template":"template-forum_program.php","meta":[],"_links":{"self":[{"href":"https:\/\/partycypacjaobywatelska.pl\/forum-2015\/wp-json\/wp\/v2\/pages\/12"}],"collection":[{"href":"https:\/\/partycypacjaobywatelska.pl\/forum-2015\/wp-json\/wp\/v2\/pages"}],"about":[{"href":"https:\/\/partycypacjaobywatelska.pl\/forum-2015\/wp-json\/wp\/v2\/types\/page"}],"author":[{"embeddable":true,"href":"https:\/\/partycypacjaobywatelska.pl\/forum-2015\/wp-json\/wp\/v2\/users\/1"}],"replies":[{"embeddable":true,"href":"https:\/\/partycypacjaobywatelska.pl\/forum-2015\/wp-json\/wp\/v2\/comments?post=12"}],"version-history":[{"count":5,"href":"https:\/\/partycypacjaobywatelska.pl\/forum-2015\/wp-json\/wp\/v2\/pages\/12\/revisions"}],"predecessor-version":[{"id":468,"href":"https:\/\/partycypacjaobywatelska.pl\/forum-2015\/wp-json\/wp\/v2\/pages\/12\/revisions\/468"}],"wp:attachment":[{"href":"https:\/\/partycypacjaobywatelska.pl\/forum-2015\/wp-json\/wp\/v2\/media?parent=12"}],"curies":[{"name":"wp","href":"https:\/\/api.w.org\/{rel}","templated":true}]}}