{"id":1091,"date":"2015-05-23T10:19:27","date_gmt":"2015-05-23T10:19:27","guid":{"rendered":"http:\/\/partycypacjaobywatelska.pl\/forum-2015\/?page_id=1091"},"modified":"2015-06-17T23:05:12","modified_gmt":"2015-06-17T23:05:12","slug":"jak-odnalezc-i-madrze-wspierac-urzednikow-ktorzy-chca-zmiany","status":"publish","type":"page","link":"https:\/\/partycypacjaobywatelska.pl\/forum-2015\/jak-odnalezc-i-madrze-wspierac-urzednikow-ktorzy-chca-zmiany\/","title":{"rendered":"Jak odnale\u017a\u0107 i m\u0105drze wspiera\u0107 urz\u0119dnik\u00f3w, kt\u00f3rzy chc\u0105 zmiany?"},"content":{"rendered":"<p><span style=\"color: #808080\">Prowadz\u0105cy:<\/span><\/p>\n<p>Marcin Bazylak, Urz\u0105d Miejski w D\u0105browie G\u00f3rniczej <a href=\"http:\/\/partycypacjaobywatelska.pl\/praktycy\/praktycy\/marcin-bazylak\/\" target=\"_blank\">&gt;&gt;<\/a><br \/>\nPrzemys\u0142aw Dziewitek, Stowarzyszenie Pracownia Obywatelska <a href=\"http:\/\/partycypacjaobywatelska.pl\/praktycy\/praktycy\/przemek-dziewitek\/\" target=\"_blank\">&gt;&gt;<\/a><\/p>\n<p><span style=\"color: #808080\">Termin:<\/span> 2 dzie\u0144 (29 maja, pi\u0105tek), godz. 9:30-10:30<\/p>\n<p><span style=\"color: #808080\">Miejsce:<\/span> III pi\u0119tro, strefa D<\/p>\n<p><span style=\"color: #808080\">Formu\u0142a sesji:\u00a0<\/span><span style=\"color: #ff00ff\">spotkanie \u015bniadaniowe<\/span><\/p>\n<p>&nbsp;<\/p>\n<p>Cz\u0119sto podczas wprowadzania partycypacji w administracji ma si\u0119 do czynienia ze skrajnie r\u00f3\u017cnym nastawieniem do nadchodz\u0105cych zmian. W urz\u0119dach jest du\u017co os\u00f3b, kt\u00f3re nie chc\u0105 i nie nigdy nie zrozumiej\u0105 potrzeby partycypacji, ale na szcz\u0119\u015bcie nie tylko oni tam pracuj\u0105.\u00a0W\u015br\u00f3d urz\u0119dnik\u00f3w jest wiele os\u00f3b, kt\u00f3re chc\u0105c dobrze wykonywa\u0107 swoj\u0105 prac\u0119, wierz\u0105 w sens w\u0142\u0105czania obywateli w rozmaite procesy wsp\u00f3\u0142decydowania i intuicyjnie pr\u00f3buj\u0105 wprowadza\u0107 now\u0105 jako\u015b\u0107 w relacjach z mieszka\u0144cami. Takie osoby\u00a0 potrzebuj\u0105 wsparcia i narz\u0119dzi do pracy.<\/p>\n<p>Chcieli\u015bmy \u00a0zastanowi\u0107 si\u0119 wsp\u00f3lnie nad tym, jak z urz\u0119dnika z dobr\u0105 wol\u0105 i\u00a0 zaanga\u017cowaniem uczyni\u0107 prawdziwego praktyka partycypacji.\u00a0Jak mo\u017cna takich urz\u0119dnik\u00f3w odszuka\u0107? Jak przekona\u0107 ich do tego, \u017ce ta droga ma sens? Jak ich motywowa\u0107 i wspiera\u0107?<\/p>\n<p>Zaprosili\u015bmy do tej rozmowy zw\u0142aszcza osoby, kt\u00f3re znaj\u0105 urz\u0119dy &#8222;od kuchni&#8221; b\u0105d\u017a maj\u0105 do\u015bwiadczenie w pracy z urz\u0119dnikami i chc\u0105 si\u0119 podzieli\u0107 swoimi obserwacjami.<\/p>\n<div><span style=\"color: #ffffff\">.<\/span><\/div>\n<div><\/div>\n<div><a href=\"http:\/\/konsultacje.idabrowa.pl\" target=\"_blank\"><img loading=\"lazy\" class=\"  wp-image-711 alignnone\" src=\"http:\/\/partycypacjaobywatelska.pl\/forum-2015\/wp-content\/uploads\/sites\/3\/2015\/05\/da\u0328browa-go\u0301rnicza_logo.jpg\" alt=\"da\u0328browa go\u0301rnicza_logo\" width=\"154\" height=\"154\" srcset=\"https:\/\/partycypacjaobywatelska.pl\/forum-2015\/wp-content\/uploads\/sites\/3\/2015\/05\/da\u0328browa-go\u0301rnicza_logo.jpg 225w, https:\/\/partycypacjaobywatelska.pl\/forum-2015\/wp-content\/uploads\/sites\/3\/2015\/05\/da\u0328browa-go\u0301rnicza_logo-150x150.jpg 150w, https:\/\/partycypacjaobywatelska.pl\/forum-2015\/wp-content\/uploads\/sites\/3\/2015\/05\/da\u0328browa-go\u0301rnicza_logo-177x177.jpg 177w\" sizes=\"(max-width: 154px) 100vw, 154px\" \/><\/a> <a href=\"http:\/\/pracowniaobywatelska.pl\/\" target=\"_blank\"><img loading=\"lazy\" class=\"  wp-image-732 alignnone\" src=\"http:\/\/partycypacjaobywatelska.pl\/forum-2015\/wp-content\/uploads\/sites\/3\/2015\/05\/logo-Pracowni-Obywatelskiej.jpg\" alt=\"logo Pracowni Obywatelskiej\" width=\"393\" height=\"154\" srcset=\"https:\/\/partycypacjaobywatelska.pl\/forum-2015\/wp-content\/uploads\/sites\/3\/2015\/05\/logo-Pracowni-Obywatelskiej.jpg 230w, https:\/\/partycypacjaobywatelska.pl\/forum-2015\/wp-content\/uploads\/sites\/3\/2015\/05\/logo-Pracowni-Obywatelskiej-177x69.jpg 177w\" sizes=\"(max-width: 393px) 100vw, 393px\" \/><\/a><\/div>\n<p>&nbsp;<\/p>\n","protected":false},"excerpt":{"rendered":"<p>Prowadz\u0105cy: Marcin Bazylak, Urz\u0105d Miejski w D\u0105browie G\u00f3rniczej &gt;&gt; Przemys\u0142aw Dziewitek, Stowarzyszenie Pracownia Obywatelska &gt;&gt; Termin: 2 dzie\u0144 (29 maja, pi\u0105tek), godz. 9:30-10:30 Miejsce: III pi\u0119tro, strefa D Formu\u0142a sesji:\u00a0spotkanie \u015bniadaniowe &nbsp; Cz\u0119sto podczas wprowadzania partycypacji w administracji ma si\u0119 do czynienia ze skrajnie r\u00f3\u017cnym nastawieniem do nadchodz\u0105cych zmian. W urz\u0119dach jest du\u017co os\u00f3b, kt\u00f3re [&hellip;]<\/p>\n","protected":false},"author":1,"featured_media":0,"parent":0,"menu_order":0,"comment_status":"open","ping_status":"open","template":"template-forum_praktykow.php","meta":[],"_links":{"self":[{"href":"https:\/\/partycypacjaobywatelska.pl\/forum-2015\/wp-json\/wp\/v2\/pages\/1091"}],"collection":[{"href":"https:\/\/partycypacjaobywatelska.pl\/forum-2015\/wp-json\/wp\/v2\/pages"}],"about":[{"href":"https:\/\/partycypacjaobywatelska.pl\/forum-2015\/wp-json\/wp\/v2\/types\/page"}],"author":[{"embeddable":true,"href":"https:\/\/partycypacjaobywatelska.pl\/forum-2015\/wp-json\/wp\/v2\/users\/1"}],"replies":[{"embeddable":true,"href":"https:\/\/partycypacjaobywatelska.pl\/forum-2015\/wp-json\/wp\/v2\/comments?post=1091"}],"version-history":[{"count":4,"href":"https:\/\/partycypacjaobywatelska.pl\/forum-2015\/wp-json\/wp\/v2\/pages\/1091\/revisions"}],"predecessor-version":[{"id":1656,"href":"https:\/\/partycypacjaobywatelska.pl\/forum-2015\/wp-json\/wp\/v2\/pages\/1091\/revisions\/1656"}],"wp:attachment":[{"href":"https:\/\/partycypacjaobywatelska.pl\/forum-2015\/wp-json\/wp\/v2\/media?parent=1091"}],"curies":[{"name":"wp","href":"https:\/\/api.w.org\/{rel}","templated":true}]}}