{"id":46,"date":"2016-01-22T17:58:45","date_gmt":"2016-01-22T16:58:45","guid":{"rendered":"http:\/\/partycypacjaobywatelska.pl\/forum-2014\/?page_id=46"},"modified":"2016-01-22T17:59:03","modified_gmt":"2016-01-22T16:59:03","slug":"kontakt-2","status":"publish","type":"page","link":"https:\/\/partycypacjaobywatelska.pl\/forum-2014\/kontakt-2\/","title":{"rendered":"Kontakt"},"content":{"rendered":"<p><strong>G\u0142\u00f3wnym organizatorem Forum by\u0142o Laboratorium Partycypacji Obywatelskiej prowadzone przez Pracowni\u0119 Bada\u0144 i Innowacji Spo\u0142ecznych \u201eStocznia\u201d.<\/strong><\/p>\n<p>&nbsp;<\/p>\n<p><strong>Laboratorium Partycypacji Obywatelskiej<\/strong><br \/>\nPracownia Bada\u0144 i Innowacji Spo\u0142ecznych &#8222;Stocznia&#8221;<br \/>\nul. Bracka 20b<br \/>\n00\u2013028 Warszawa<br \/>\ntel.: [+48] 22 100 55 94<br \/>\n<a href=\"mailto:partycypacja@stocznia.org.pl\">partycypacja@stocznia.org.pl<\/a><\/p>\n<p>&nbsp;<\/p>\n<p><strong>Zesp\u00f3\u0142 Laboratorium Partycypacji Obywatelskiej:<br \/>\n<\/strong>Maria Nowak <a href=\"http:\/\/archiwum.partycypacjaobywatelska.pl\/kontakt\/mnowak@stocznia.org.pl\" target=\"_blank\">mnowak@stocznia.org.pl<\/a><br \/>\nMaria Perchu\u0107 <a href=\"mailto:mperchuc@stocznia.org.pl\">mperchuc@stocznia.org.pl<\/a><br \/>\nEwa Stok\u0142uska <a href=\"mailto:estokluska@stocznia.org.pl\">estokluska@stocznia.org.pl<\/a><\/p>\n<p>oraz<\/p>\n<p>Agata Bluj<\/p>\n<p style=\"color: #000000;\"><strong>Wolontariusze:<br \/>\n<\/strong>Laura Raczy\u0144ska<br \/>\nArkadiusz Wach<br \/>\nMonika Wichrowska<br \/>\nKatarzyna Zalewska<br \/>\nSamir Al Ali<\/p>\n","protected":false},"excerpt":{"rendered":"<p>G\u0142\u00f3wnym organizatorem Forum by\u0142o Laboratorium Partycypacji Obywatelskiej prowadzone przez Pracowni\u0119 Bada\u0144 i Innowacji Spo\u0142ecznych \u201eStocznia\u201d. &nbsp; Laboratorium Partycypacji Obywatelskiej Pracownia Bada\u0144 i Innowacji Spo\u0142ecznych &#8222;Stocznia&#8221; ul. Bracka 20b 00\u2013028 Warszawa tel.: [+48] 22 100 55 94 partycypacja@stocznia.org.pl &nbsp; Zesp\u00f3\u0142 Laboratorium Partycypacji Obywatelskiej: Maria Nowak mnowak@stocznia.org.pl Maria Perchu\u0107 mperchuc@stocznia.org.pl Ewa Stok\u0142uska estokluska@stocznia.org.pl oraz Agata Bluj Wolontariusze: [&hellip;]<\/p>\n","protected":false},"author":73,"featured_media":0,"parent":0,"menu_order":0,"comment_status":"open","ping_status":"open","template":"template-forum_praktykow.php","meta":[],"_links":{"self":[{"href":"https:\/\/partycypacjaobywatelska.pl\/forum-2014\/wp-json\/wp\/v2\/pages\/46"}],"collection":[{"href":"https:\/\/partycypacjaobywatelska.pl\/forum-2014\/wp-json\/wp\/v2\/pages"}],"about":[{"href":"https:\/\/partycypacjaobywatelska.pl\/forum-2014\/wp-json\/wp\/v2\/types\/page"}],"author":[{"embeddable":true,"href":"https:\/\/partycypacjaobywatelska.pl\/forum-2014\/wp-json\/wp\/v2\/users\/73"}],"replies":[{"embeddable":true,"href":"https:\/\/partycypacjaobywatelska.pl\/forum-2014\/wp-json\/wp\/v2\/comments?post=46"}],"version-history":[{"count":2,"href":"https:\/\/partycypacjaobywatelska.pl\/forum-2014\/wp-json\/wp\/v2\/pages\/46\/revisions"}],"predecessor-version":[{"id":48,"href":"https:\/\/partycypacjaobywatelska.pl\/forum-2014\/wp-json\/wp\/v2\/pages\/46\/revisions\/48"}],"wp:attachment":[{"href":"https:\/\/partycypacjaobywatelska.pl\/forum-2014\/wp-json\/wp\/v2\/media?parent=46"}],"curies":[{"name":"wp","href":"https:\/\/api.w.org\/{rel}","templated":true}]}}