{"id":43,"date":"2016-01-22T17:57:59","date_gmt":"2016-01-22T16:57:59","guid":{"rendered":"http:\/\/partycypacjaobywatelska.pl\/forum-2014\/?page_id=43"},"modified":"2016-01-22T17:58:23","modified_gmt":"2016-01-22T16:58:23","slug":"miejsce","status":"publish","type":"page","link":"https:\/\/partycypacjaobywatelska.pl\/forum-2014\/miejsce\/","title":{"rendered":"Miejsce spotkania"},"content":{"rendered":"<p style=\"text-align: left;\">Forum Praktyk\u00f3w Partycypacji odby\u0142o si\u0119 na II i III pi\u0119trze Domu Towarowego Bracia Jab\u0142kowscy mieszcz\u0105cym si\u0119 przy ul. Brackiej 25 w Warszawie.<\/p>\n<p>Poni\u017cej przedstawiamy histori\u0119 tego ciekawego miejsca.<\/p>\n<p><a href=\"http:\/\/archiwum.partycypacjaobywatelska.pl\/wp-content\/uploads\/2014\/05\/witraze.png\"><img loading=\"lazy\" class=\"aligncenter wp-image-3020 \" src=\"http:\/\/archiwum.partycypacjaobywatelska.pl\/wp-content\/uploads\/2014\/05\/witraze.png\" alt=\"witraze\" width=\"640\" height=\"216\" \/><\/a><\/p>\n<p>&nbsp;<\/p>\n<p>Budynek Domu Towarowego Bracia Jab\u0142kowscy przy ul. Brackiej 25 zosta\u0142 zaprojektowany przez licz\u0105cych si\u0119 w tamtych czasach architekt\u00f3w: Karola Jankowskiego i Franciszka Lilpopa, kt\u00f3rzy inspiracje do projektu czerpali z dom\u00f3w towarowych w Niemczech i Francji.<\/p>\n<p>Do uroczystego<img loading=\"lazy\" class=\"alignleft wp-image-2693 \" src=\"http:\/\/archiwum.partycypacjaobywatelska.pl\/wp-content\/uploads\/2014\/04\/images.jpg\" alt=\"images\" width=\"153\" height=\"222\" \/><img loading=\"lazy\" class=\"alignleft wp-image-2694\" src=\"http:\/\/archiwum.partycypacjaobywatelska.pl\/wp-content\/uploads\/2014\/04\/180px-Jablkowscy_1932.jpg\" alt=\"180px-Jablkowscy_1932\" width=\"145\" height=\"221\" \/> otwarcia dosz\u0142o 7 listopada 1914 roku, a miejsce to bardzo szybko sta\u0142o si\u0119 symbolem polskiego handlu w XX-leciu mi\u0119dzywojennym. Kupi\u0107 mo\u017cna tu by\u0142o wszystko, pocz\u0105wszy od tkanin, bielizny, krawat\u00f3w, poprzez suknie, futra, a na meblach i porcelanie ko\u0144cz\u0105c. Dom towarowy mia\u0142 w swojej bogatej ofercie nie tylko produkty polskie, ale tak\u017ce zagraniczne, dostarczano je nawet z Wiednia i Pary\u017ca. Dzi\u0119ki dzia\u0142aj\u0105cej w Domu Towarowym kawiarni, a latem tak\u017ce tarasu na dachu, poza miejscem zakup\u00f3w, by\u0142o to tak\u017ce miejsce spotka\u0144.  Do 1939 roku by\u0142o to jedyny taki dom towarowy w Warszawie. Dzia\u0142a\u0142 r\u00f3wnie\u017c w czasie okupacji, a podczas Powstania Warszawskiego wspiera\u0142 Powsta\u0144c\u00f3w, kt\u00f3rzy mogli si\u0119 tutaj zaopatrywa\u0107 w odzie\u017c, obuwie i \u017cywno\u015b\u0107. W tym budynku tak\u017ce by\u0142a fabryka amunicji.<\/p>\n<p>Na pocz\u0105tku lat 50. XX wieku dom zosta\u0142 bezprawnie przej\u0119ty i odebrany rodzinie Jab\u0142kowskich. Po upa\u0144stwowieniu stworzono w nim Centralny Dom Dziecka, istniej\u0105cy w tym miejscu do 1970 roku. W 1972 roku budynek zosta\u0142 wpisany na list\u0119 zabytk\u00f3w. Nadal jednak zmienia\u0142 si\u0119 spos\u00f3b wykorzystania budynku: mie\u015bci\u0142 si\u0119 tu Dom Obuwia, siedziby biur, a pod koniec okresu PRL-u w budynku urz\u0105dzono Central\u0119 Zwi\u0105zku Rzemie\u015blnik\u00f3w. Po upadku PRL-u, w 1992 przywr\u00f3cono budynkowi jego dawn\u0105 funkcj\u0119 i utworzono dom handlowy \u201cArka\u201d. W 2003 roku za\u015b zacz\u0119\u0142a dzia\u0142a\u0107 ksi\u0119garnia Traffic Club.<\/p>\n<p>Pozostawa\u0142 jednak problem w\u0142asno\u015bci. Od 1990 roku spadkobiercy dawnej sp\u00f3\u0142ki \u2013 Jan i Tomasz Jab\u0142kowscy rozpocz\u0119li dzia\u0142ania reprywatyzacyjne. Przez ponad 18 lat walczyli o przej\u0119cie budynku \u2013 uda\u0142o si\u0119 to dopiero w kwietniu 2008 roku. Ostatecznie \u2013 po serii proces\u00f3w z dzia\u0142aj\u0105cym w budynku Klubem Traffic, Dom Towarowy wr\u00f3ci\u0142 do w\u0142a\u015bcicieli we wrze\u015bniu 2013 roku. Od tego momentu zacz\u0119to tam organizowa\u0107 r\u00f3\u017cnego rodzaju wydarzenia: jarmark bo\u017conarodzeniowy, kiermasze ksi\u0105\u017cek, targi mody, zdrowej \u017cywno\u015bci, dyskusje, etc.<\/p>\n<p>Na koniec uchylmy r\u0105bka tajemnicy i zdrad\u017amy, \u017ce w\u0142a\u015bciciele Domu Towarowego Braci Jab\u0142kowskich podj\u0119li decyzj\u0119 o tym, \u017ce jedno z pi\u0119ter budynku zostanie przeznaczone na cele wa\u017ckie spo\u0142ecznie. Ju\u017c teraz odbywa si\u0119 tam sporo wydarze\u0144, debat i spotka\u0144 (m.in. to w\u0142a\u015bnie w DTBJ odby\u0142 si\u0119 warszawski maraton pisania wniosk\u00f3w w ramach bud\u017cetu partycypacyjnego). Natomiast niebawem powstanie tam co\u015b zupe\u0142nie nowego, sta\u0142ego, wsp\u00f3\u0142tworzonego przez kilka instytucji i os\u00f3b, a co szczeg\u00f3lnie wa\u017cne nastawionego na wspieranie innowacji spo\u0142ecznych, w tym tak\u017ce tych zwi\u0105zanych z partycypacj\u0105 obywatelsk\u0105.<\/p>\n<p><em>Oprac. Katarzyna Zalewska, Monika Wichrowska<\/em><\/p>\n<p>&nbsp;<\/p>\n\n<p><strong>Zdj\u0119cia: <\/strong><\/p>\n<p>witra\u017ce na dziedzi\u0144cu Domu Towarowego &#8211; <a href=\"http:\/\/pl.wikipedia.org\/wiki\/Dom_Towarowy_Braci_Jab%C5%82kowskich_w_Warszawie#mediaviewer\/Plik:Witra%C5%BCe_Dom_Braci_Jab%C5%82kowskich_Warszawa.JPG\" target=\"_blank\">link <\/a><\/p>\n<p>plakaty promuj\u0105ce Dom Towarowy Bracia Jab\u0142kowscy &#8211; <a href=\"http:\/\/www.cytadela.aplus.pl\/moda_styl.htm\">link 1<\/a>, <a href=\"http:\/\/pl.wikipedia.org\/wiki\/Dom_Towarowy_Braci_Jab%C5%82kowskich_w_Warszawie\">link 2<\/a><\/p>\n<p>archiwum Domu Towarowego Bracia Jab\u0142kowscy<\/p>\n<p><strong>\u0179r\u00f3d\u0142a:<\/strong><\/p>\n<p><a href=\"http:\/\/pl.wikipedia.org\/wiki\/Dom_Towarowy_Braci_Jab%C5%82kowskich_w_Warszawie\">http:\/\/pl.wikipedia.org\/wiki\/Dom_Towarowy_Braci_Jab%C5%82kowskich_w_Warszawie<\/a><\/p>\n<p><a href=\"http:\/\/warszawa.wikia.com\/wiki\/Dom_Towarowy_Braci_Jab%C5%82kowskich\">http:\/\/warszawa.wikia.com\/wiki\/Dom_Towarowy_Braci_Jab%C5%82kowskich<\/a><\/p>\n<p><a style=\"color: #1155cc;\" href=\"http:\/\/vumag.pl\/wywiady\/to-mogl-byc-polski-harrods,59467.html\" target=\"_blank\">http:\/\/vumag.pl\/<wbr \/>wywiady\/to-mogl-byc-polski-<wbr \/>harrods,59467.html<\/a><\/p>\n<p>&nbsp;<\/p>\n<p>&nbsp;<\/p>\n<p>&nbsp;<\/p>\n<p>&nbsp;<\/p>\n","protected":false},"excerpt":{"rendered":"<p>Forum Praktyk\u00f3w Partycypacji odby\u0142o si\u0119 na II i III pi\u0119trze Domu Towarowego Bracia Jab\u0142kowscy mieszcz\u0105cym si\u0119 przy ul. Brackiej 25 w Warszawie. Poni\u017cej przedstawiamy histori\u0119 tego ciekawego miejsca. &nbsp; Budynek Domu Towarowego Bracia Jab\u0142kowscy przy ul. Brackiej 25 zosta\u0142 zaprojektowany przez licz\u0105cych si\u0119 w tamtych czasach architekt\u00f3w: Karola Jankowskiego i Franciszka Lilpopa, kt\u00f3rzy inspiracje do [&hellip;]<\/p>\n","protected":false},"author":73,"featured_media":0,"parent":0,"menu_order":0,"comment_status":"open","ping_status":"open","template":"template-forum_praktykow.php","meta":[],"_links":{"self":[{"href":"https:\/\/partycypacjaobywatelska.pl\/forum-2014\/wp-json\/wp\/v2\/pages\/43"}],"collection":[{"href":"https:\/\/partycypacjaobywatelska.pl\/forum-2014\/wp-json\/wp\/v2\/pages"}],"about":[{"href":"https:\/\/partycypacjaobywatelska.pl\/forum-2014\/wp-json\/wp\/v2\/types\/page"}],"author":[{"embeddable":true,"href":"https:\/\/partycypacjaobywatelska.pl\/forum-2014\/wp-json\/wp\/v2\/users\/73"}],"replies":[{"embeddable":true,"href":"https:\/\/partycypacjaobywatelska.pl\/forum-2014\/wp-json\/wp\/v2\/comments?post=43"}],"version-history":[{"count":2,"href":"https:\/\/partycypacjaobywatelska.pl\/forum-2014\/wp-json\/wp\/v2\/pages\/43\/revisions"}],"predecessor-version":[{"id":45,"href":"https:\/\/partycypacjaobywatelska.pl\/forum-2014\/wp-json\/wp\/v2\/pages\/43\/revisions\/45"}],"wp:attachment":[{"href":"https:\/\/partycypacjaobywatelska.pl\/forum-2014\/wp-json\/wp\/v2\/media?parent=43"}],"curies":[{"name":"wp","href":"https:\/\/api.w.org\/{rel}","templated":true}]}}