{"id":41,"date":"2016-01-22T17:57:26","date_gmt":"2016-01-22T16:57:26","guid":{"rendered":"http:\/\/partycypacjaobywatelska.pl\/forum-2014\/?page_id=41"},"modified":"2016-01-22T17:57:26","modified_gmt":"2016-01-22T16:57:26","slug":"organizatorzy","status":"publish","type":"page","link":"https:\/\/partycypacjaobywatelska.pl\/forum-2014\/organizatorzy\/","title":{"rendered":"Organizatorzy"},"content":{"rendered":"<p><b>G\u0142\u00f3wny organizator:<\/b> Laboratorium Partycypacji Obywatelskiej prowadzone przez Pracowni\u0119 Bada\u0144 i Innowacji Spo\u0142ecznych \u201eStocznia\u201d<\/p>\n<p><a href=\"http:\/\/archiwum.partycypacjaobywatelska.pl\/wp-content\/uploads\/2013\/10\/stoczniaetapy.jpg\"><img loading=\"lazy\" class=\"alignleft wp-image-1189 \" src=\"http:\/\/archiwum.partycypacjaobywatelska.pl\/wp-content\/uploads\/2013\/10\/stoczniaetapy-1024x319.jpg\" alt=\"stocznia etapy\" width=\"299\" height=\"93\" \/><\/a><\/p>\n<p>&nbsp;<\/p>\n<p>&nbsp;<\/p>\n<p>&nbsp;<\/p>\n<p><b>Partnerzy:<\/b> Fundacja Inicjatyw Spo\u0142eczno-Ekonomicznych, Fundacja Pole Dialogu, Fundacja im. Stefana Batorego, Gdy\u0144skie Centrum Innowacji, Stowarzyszenie Pracownia Obywatelska, Pracownia Zr\u00f3wnowa\u017conego Rozwoju, Stowarzyszenie Homo Faber, Stowarzyszenie Odblokuj, Urz\u0105d m.st. Warszawy, Urz\u0105d Miejski w D\u0105browie G\u00f3rniczej<\/p>\n<p><a href=\"http:\/\/archiwum.partycypacjaobywatelska.pl\/wp-content\/uploads\/2014\/04\/logotypy-wszystkie-final.jpg\"><img loading=\"lazy\" class=\"alignnone wp-image-2707 \" src=\"http:\/\/archiwum.partycypacjaobywatelska.pl\/wp-content\/uploads\/2014\/04\/logotypy-wszystkie-final.jpg\" alt=\"logotypy wszystkie - final\" width=\"1023\" height=\"168\" \/><\/a><\/p>\n<p><b>Instytucje wspieraj\u0105ce:<\/b> Dom Towarowy Bracia Jab\u0142kowscy, Studio graficzne KOTBURY, Laboratorium ee<\/p>\n<p><a href=\"http:\/\/archiwum.partycypacjaobywatelska.pl\/wp-content\/uploads\/2014\/04\/logotypy-instytucje-wspieraj\u0105ce.jpg\"><img loading=\"lazy\" class=\"alignleft wp-image-2430 size-full\" src=\"http:\/\/archiwum.partycypacjaobywatelska.pl\/wp-content\/uploads\/2014\/04\/logotypy-instytucje-wspieraj\u0105ce.jpg\" alt=\"logotypy - instytucje wspieraj\u0105ce\" width=\"691\" height=\"94\" \/><\/a><\/p>\n<p>&nbsp;<\/p>\n<p>&nbsp;<\/p>\n<p><b>Laboratorium Partycypacji Obywatelskiej<\/b> (LPO) jest projektem prowadzonym od 2010 roku w Pracowni Bada\u0144 i Innowacji Spo\u0142ecznych \u201eStocznia\u201d przy wsparciu m.in. Fundacji im. Stefana Batorego. Zesp\u00f3\u0142 LPO podejmuje dzia\u0142ania na rzecz gromadzenia oraz wymiany wiedzy i do\u015bwiadcze\u0144 zwi\u0105zanych z dzia\u0142aniami partycypacyjnymi w\u015br\u00f3d przedstawicieli administracji publicznej, organizacji pozarz\u0105dowych i wszystkich os\u00f3b zainteresowanych tematem w\u0142\u0105czania obywateli we wsp\u00f3\u0142decydowanie o sprawach publicznych. Prowadzi portal <a href=\"http:\/\/www.archiwum.partycypacjaobywatelska.pl\" target=\"_blank\">www.archiwum.partycypacjaobywatelska.pl<\/a> i organizuje otwarte seminaria po\u015bwi\u0119cone r\u00f3\u017cnym aspektom partycypacji.<\/p>\n<p>&nbsp;<\/p>\n<p><b>Pracownia Bada\u0144 i Innowacji Spo\u0142ecznych \u201eStocznia\u201d<\/b> powsta\u0142a, aby rzetelnie i krytycznie opisywa\u0107 wyzwania dotycz\u0105ce \u017cycia spo\u0142ecznego w Polsce. Opracowuje i upowszechnia innowacyjne rozwi\u0105zania, kt\u00f3re mog\u0105 pom\u00f3c sprosta\u0107 tym wyzwaniom. Szuka ich, \u0142\u0105cz\u0105c perspektyw\u0119 badaczy-akademik\u00f3w i aktywist\u00f3w spo\u0142ecznych oraz podejmuj\u0105c dzia\u0142ania koncentruj\u0105ce si\u0119 na kluczowych zagadnieniach: rozwoju wsp\u00f3lnot lokalnych, innowacjach spo\u0142ecznych, wolontariacie oraz partycypacji obywatelskiej.<\/p>\n<p>Wi\u0119cej informacji na stronie: <a href=\"http:\/\/www.stocznia.org.pl\">www.stocznia.org.pl<\/a>.<\/p>\n<p>&nbsp;<\/p>\n<p><b>Miasto Gdynia<\/b> jest jednym z najbardziej innowacyjnych samorz\u0105d\u00f3w w Polsce. O kilku lat w Gdyni dzia\u0142a Gdy\u0144skie Centrum Innowacji, powo\u0142ane przez Rad\u0119 Miasta Gdyni do koordynowania rozwoju Pomorskiego Parku Naukowo-Technologicznego oraz do realizacji zada\u0144 zwi\u0105zanych z rozwojem przedsi\u0119wzi\u0119\u0107 innowacyjnych na terenie miasta. Do g\u0142\u00f3wnych zada\u0144 GCI nale\u017cy mi\u0119dzy innymi: rozw\u00f3j gospodarki opartej na wiedzy poprzez tworzenie efektywnych powi\u0105za\u0144 pomi\u0119dzy nauk\u0105 i biznesem, wspieranie i stymulowanie przedsi\u0119biorczo\u015bci innowacyjnej, promocja innowacyjno\u015bci i aktywnej edukacji oraz wsp\u00f3\u0142praca z partnerami lokalnymi, regionalnymi oraz mi\u0119dzynarodowymi w zakresie rozwoju przedsi\u0119wzi\u0119\u0107 innowacyjnych.<\/p>\n<p>Wi\u0119cej mo\u017cna przeczyta\u0107 na stronie: <a href=\"http:\/\/ppnt.pl\/pl.html\">http:\/\/ppnt.pl\/pl.html<\/a>.<\/p>\n<p>&nbsp;<\/p>\n<p><b>Involve<\/b> to brytyjska organizacja posiadaj\u0105ca do\u015bwiadczenie w realizacji proces\u00f3w partycypacyjnych na poziomie lokalnym i krajowym w Wielkiej Brytanii oraz projektowaniu odpowiednich narz\u0119dzi, m.in. we wsp\u00f3\u0142pracy z OECD, UNDP, Komisj\u0105 Europejsk\u0105, rz\u0105dem i w\u0142adzami samorz\u0105dowymi Wielkiej Brytanii.<\/p>\n<p>Wi\u0119cej na stronie: <a href=\"http:\/\/www.involve.org.uk\/\">http:\/\/www.involve.org.uk\/<\/a>.<\/p>\n<p style=\"color: #000000;\"><strong>Wolontariusze:<br \/>\n<\/strong>Damian Jaworek<br \/>\nLaura Raczy\u0144ska<br \/>\nArkadiusz Wach<br \/>\nMonika Wichrowska<br \/>\nKatarzyna Zalewska<\/p>\n","protected":false},"excerpt":{"rendered":"<p>G\u0142\u00f3wny organizator: Laboratorium Partycypacji Obywatelskiej prowadzone przez Pracowni\u0119 Bada\u0144 i Innowacji Spo\u0142ecznych \u201eStocznia\u201d &nbsp; &nbsp; &nbsp; Partnerzy: Fundacja Inicjatyw Spo\u0142eczno-Ekonomicznych, Fundacja Pole Dialogu, Fundacja im. Stefana Batorego, Gdy\u0144skie Centrum Innowacji, Stowarzyszenie Pracownia Obywatelska, Pracownia Zr\u00f3wnowa\u017conego Rozwoju, Stowarzyszenie Homo Faber, Stowarzyszenie Odblokuj, Urz\u0105d m.st. Warszawy, Urz\u0105d Miejski w D\u0105browie G\u00f3rniczej Instytucje wspieraj\u0105ce: Dom Towarowy Bracia Jab\u0142kowscy, [&hellip;]<\/p>\n","protected":false},"author":73,"featured_media":0,"parent":0,"menu_order":0,"comment_status":"open","ping_status":"open","template":"template-forum_praktykow.php","meta":[],"_links":{"self":[{"href":"https:\/\/partycypacjaobywatelska.pl\/forum-2014\/wp-json\/wp\/v2\/pages\/41"}],"collection":[{"href":"https:\/\/partycypacjaobywatelska.pl\/forum-2014\/wp-json\/wp\/v2\/pages"}],"about":[{"href":"https:\/\/partycypacjaobywatelska.pl\/forum-2014\/wp-json\/wp\/v2\/types\/page"}],"author":[{"embeddable":true,"href":"https:\/\/partycypacjaobywatelska.pl\/forum-2014\/wp-json\/wp\/v2\/users\/73"}],"replies":[{"embeddable":true,"href":"https:\/\/partycypacjaobywatelska.pl\/forum-2014\/wp-json\/wp\/v2\/comments?post=41"}],"version-history":[{"count":1,"href":"https:\/\/partycypacjaobywatelska.pl\/forum-2014\/wp-json\/wp\/v2\/pages\/41\/revisions"}],"predecessor-version":[{"id":42,"href":"https:\/\/partycypacjaobywatelska.pl\/forum-2014\/wp-json\/wp\/v2\/pages\/41\/revisions\/42"}],"wp:attachment":[{"href":"https:\/\/partycypacjaobywatelska.pl\/forum-2014\/wp-json\/wp\/v2\/media?parent=41"}],"curies":[{"name":"wp","href":"https:\/\/api.w.org\/{rel}","templated":true}]}}