{"id":32,"date":"2016-01-22T17:54:42","date_gmt":"2016-01-22T16:54:42","guid":{"rendered":"http:\/\/partycypacjaobywatelska.pl\/forum-2014\/?page_id=32"},"modified":"2016-01-22T17:54:42","modified_gmt":"2016-01-22T16:54:42","slug":"ewaluacja-forum-praktykow-partycypacji","status":"publish","type":"page","link":"https:\/\/partycypacjaobywatelska.pl\/forum-2014\/ewaluacja-forum-praktykow-partycypacji\/","title":{"rendered":"Ewaluacja Forum Praktyk\u00f3w Partycypacji"},"content":{"rendered":"<p>Ewaluacja Forum Praktyk\u00f3w Partycypacji przebiega\u0142a dwuetapowo &#8211; w pierwszej fazie, jeszcze w trakcie wydarzenia zbierali\u015bmy ankiety ewaluacyjne. Nast\u0119pnie &#8211; par\u0119 miesi\u0119cy po wydarzeniu, wr\u00f3cili\u015bmy do uczestnik\u00f3w, pytaj\u0105c ich czy FPP wnios\u0142o co\u015b do ich pracy, czy spowodowa\u0142o jak\u0105\u015b odczuwaln\u0105 zmian\u0119. Wyniki obydwu znajduj\u0105 si\u0119 poni\u017cej:<\/p>\n<p>1. ANKIETY EWALUACYJNE<\/p>\n<p>Jak uczestnicy Forum Praktyk\u00f3w Partycypacji oceniali samo wydarzenie? Podczas FPP zebrali\u015bmy ponad 50 ankiet, pe\u0142nych bardzo cennej dla nas wiedzy. Zapraszamy Pa\u0144stwa do przyjrzenia si\u0119 wynikom ewaluacji w formie prezentacji, przygotowanej przez Mari\u0119 Wi\u015bnick\u0105, badaczk\u0119 ze Stoczni, kt\u00f3ra wspar\u0142a nas w przeprowadzeniu ewaluacji Forum.<\/p>\n<p>&lt;a href=&#8221;http:\/\/archiwum.partycypacjaobywatelska.pl\/wp-content\/uploads\/2014\/09\/Podsumowanie-ankiety-ewaluacyjnej-FPP-2014.pdf&#8221;&gt;Podsumowanie ankiety ewaluacyjnej &#8211; FPP 2014&lt;\/a&gt;<\/p>\n<p>&amp;nbsp;<\/p>\n<p>2. OCENA WP\u0141YWU &#8211; ewaluacja nr 2<\/p>\n<p>Zadali\u015bmy uczestnikom jedno pytanie, prosz\u0105c o rozwini\u0119cie my\u015bli: Czy pod wp\u0142ywem FPP zmieni\u0142e\u015b\/zmieni\u0142a\u015b co\u015b w swoim dotychczasowym sposobie dzia\u0142ania w obszarze partycypacji lub zacz\u0105\u0142e\u015b\/zacz\u0119\u0142a\u015b robi\u0107 co\u015b nowego (np. uruchomienie nowego przedsi\u0119wzi\u0119cia, podj\u0119cie nowego tematu, nawi\u0105zanie wsp\u00f3\u0142pracy z kim\u015b poznanym w trakcie Forum itp.)?<\/p>\n<p>Na nasze pytanie odpowiedzia\u0142o 61 os\u00f3b, spo\u015br\u00f3d nich po\u0142owa wynios\u0142a z wydarzenia co\u015b nowego. A co dok\u0142adnie? Kr\u00f3tkie podsumowanie przygotowane przez Marysi\u0119 Wi\u015bnick\u0105, przy wsparciu Marysi Nowak, poni\u017cej:<\/p>\n<p>&lt;a href=&#8221;http:\/\/archiwum.partycypacjaobywatelska.pl\/wp-content\/uploads\/2014\/09\/FPP_ocena-wp\u0142ywu.pdf&#8221;&gt;FPP_ocena wp\u0142ywu&lt;\/a&gt;<\/p>\n","protected":false},"excerpt":{"rendered":"<p>Ewaluacja Forum Praktyk\u00f3w Partycypacji przebiega\u0142a dwuetapowo &#8211; w pierwszej fazie, jeszcze w trakcie wydarzenia zbierali\u015bmy ankiety ewaluacyjne. Nast\u0119pnie &#8211; par\u0119 miesi\u0119cy po wydarzeniu, wr\u00f3cili\u015bmy do uczestnik\u00f3w, pytaj\u0105c ich czy FPP wnios\u0142o co\u015b do ich pracy, czy spowodowa\u0142o jak\u0105\u015b odczuwaln\u0105 zmian\u0119. Wyniki obydwu znajduj\u0105 si\u0119 poni\u017cej: 1. ANKIETY EWALUACYJNE Jak uczestnicy Forum Praktyk\u00f3w Partycypacji oceniali samo [&hellip;]<\/p>\n","protected":false},"author":73,"featured_media":0,"parent":0,"menu_order":0,"comment_status":"open","ping_status":"open","template":"template-forum_praktykow.php","meta":[],"_links":{"self":[{"href":"https:\/\/partycypacjaobywatelska.pl\/forum-2014\/wp-json\/wp\/v2\/pages\/32"}],"collection":[{"href":"https:\/\/partycypacjaobywatelska.pl\/forum-2014\/wp-json\/wp\/v2\/pages"}],"about":[{"href":"https:\/\/partycypacjaobywatelska.pl\/forum-2014\/wp-json\/wp\/v2\/types\/page"}],"author":[{"embeddable":true,"href":"https:\/\/partycypacjaobywatelska.pl\/forum-2014\/wp-json\/wp\/v2\/users\/73"}],"replies":[{"embeddable":true,"href":"https:\/\/partycypacjaobywatelska.pl\/forum-2014\/wp-json\/wp\/v2\/comments?post=32"}],"version-history":[{"count":1,"href":"https:\/\/partycypacjaobywatelska.pl\/forum-2014\/wp-json\/wp\/v2\/pages\/32\/revisions"}],"predecessor-version":[{"id":33,"href":"https:\/\/partycypacjaobywatelska.pl\/forum-2014\/wp-json\/wp\/v2\/pages\/32\/revisions\/33"}],"wp:attachment":[{"href":"https:\/\/partycypacjaobywatelska.pl\/forum-2014\/wp-json\/wp\/v2\/media?parent=32"}],"curies":[{"name":"wp","href":"https:\/\/api.w.org\/{rel}","templated":true}]}}