{"id":26,"date":"2016-01-22T17:36:02","date_gmt":"2016-01-22T16:36:02","guid":{"rendered":"http:\/\/partycypacjaobywatelska.pl\/forum-2014\/?page_id=26"},"modified":"2016-01-22T17:51:46","modified_gmt":"2016-01-22T16:51:46","slug":"o-wydarzeniu","status":"publish","type":"page","link":"https:\/\/partycypacjaobywatelska.pl\/forum-2014\/","title":{"rendered":"O wydarzeniu"},"content":{"rendered":"<p><b>Forum Praktyk\u00f3w Partycypacji <\/b>to dwudniowe wydarzenie o interaktywnej formule, skierowane do os\u00f3b, kt\u00f3re aktywnie zajmuj\u0105 si\u0119 tematyk\u0105 partycypacji obywatelskiej: maj\u0105 wiedz\u0119 i do\u015bwiadczenie w realizacji r\u00f3\u017cnego rodzaju proces\u00f3w partycypacyjnych, chc\u0105 zdoby\u0107 nowe kontakty i poruszy\u0107 podczas spotkania bardziej skomplikowane zagadnienia.<\/p>\n<p>Tak &#8211; w du\u017cym skr\u00f3cie &#8211; by\u0142o na pierwszym Forum w Warszawie, w dniach 29-30.05.2014.<br \/>\n<iframe loading=\"lazy\" src=\"https:\/\/www.youtube.com\/embed\/VzJTeGAQMAg\" width=\"560\" height=\"315\" frameborder=\"0\" allowfullscreen=\"allowfullscreen\"><\/iframe><br \/>\n<span id=\":4m\" dir=\"ltr\"> <\/span><\/p>\n<p>A tak zapraszali\u015bmy na Forum przed samym wydarzeniem!<br \/>\n<iframe loading=\"lazy\" src=\"https:\/\/www.youtube.com\/embed\/4kveIg8j32A\" width=\"560\" height=\"315\" frameborder=\"0\" allowfullscreen=\"allowfullscreen\"><\/iframe><\/p>\n<h3><\/h3>\n<h3><strong>Cele wydarzenia<\/strong><\/h3>\n<p>Poprzez Forum Praktyk\u00f3w Partycypacji chcieli\u015bmy stworzy\u0107 przestrze\u0144 do poznania si\u0119 os\u00f3b, kt\u00f3re w praktyce zajmuj\u0105 si\u0119 dzia\u0142aniami w obszarze partycypacji obywatelskiej, do wzajemnego poszerzenia wiedzy, wymiany pogl\u0105d\u00f3w i do\u015bwiadcze\u0144 pomi\u0119dzy nimi. Po\u015brednio, poprzez organizacj\u0119 wydarzenia chcieli\u015bmy przyczyni\u0107 si\u0119 do poprawy jako\u015bci proces\u00f3w partycypacyjnych w Polsce oraz utworzenia sieci \/ \u015brodowiska os\u00f3b zajmuj\u0105cych si\u0119 partycypacj\u0105, wspieraj\u0105cych si\u0119 merytorycznie i wzajemnie motywuj\u0105cych si\u0119 w organizacji w\u0142asnych przedsi\u0119wzi\u0119\u0107.<\/p>\n<p>Wydarzenie mia\u0142o format pozwalaj\u0105cy na jego wsp\u00f3\u0142tworzenie przez samych uczestnik\u00f3w (pierwszego dnia Forum uczestnicy zg\u0142aszali tematy sesji drugiego dnia).<\/p>\n<p>[forum_full_photo link=&#8221;http:\/\/archiwum.partycypacjaobywatelska.pl\/wp-content\/themes\/partycypacja-theme\/images\/fpp_strona_glowna.jpg&#8221;]<\/p>\n<p>&nbsp;<\/p>\n<h3><strong>Kogo zaprosili\u015bmy?<\/strong><\/h3>\n<p>Do udzia\u0142u w Forum zaprosili\u015bmy zar\u00f3wno przedstawicieli administracji (samorz\u0105dowej, rz\u0105dowej), jak i organizacji pozarz\u0105dowych, a tak\u017ce osoby z innych pozycji wspieraj\u0105ce partycypacj\u0119 obywatelsk\u0105 &#8211; miejskich aktywist\u00f3w, dziennikarzy zainteresowanych t\u0105 tematyk\u0105, akademik\u00f3w prowadz\u0105cych procesy partycypacyjne czy przedstawicieli firm, kt\u00f3rzy np. przy okazji realizowanych przez siebie inwestycji prowadz\u0105 konsultacje z lokaln\u0105 spo\u0142eczno\u015bci\u0105. Zaprosili\u015bmy osoby zar\u00f3wno z miast, jak i mniejszych o\u015brodk\u00f3w i gmin wiejskich lub wiejsko-miejskich.<\/p>\n<h3><strong>Podsumowania<\/strong><\/h3>\n<p>Zapraszamy do zapoznania si\u0119 z notkami podsumowuj\u0105cymi sesje pierwszego dnia Forum <a href=\"http:\/\/archiwum.partycypacjaobywatelska.pl\/program\/\" target=\"_blank\">tutaj<\/a>.<br \/>\nGaleri\u0119 zdj\u0119\u0107 z wydarzenia mo\u017cna obejrze\u0107 <a href=\"http:\/\/archiwum.partycypacjaobywatelska.pl\/galeria-zdjec\/\" target=\"_blank\">tutaj<\/a> oraz na profilu Forum na <a href=\"https:\/\/www.facebook.com\/forumpraktykowpartycypacji\" target=\"_blank\">facebooku<\/a>.<\/p>\n<h3><strong>Forum Praktyk\u00f3w Partycypacji<\/strong><br \/>\n<strong>Termin: 29-30 maja 2014<\/strong><br \/>\n<strong>Miejsce: Dom Towarowy Bracia Jab\u0142kowscy, ul. Bracka 25 w Warszawie<\/strong><\/h3>\n<p>&nbsp;<\/p>\n<p><i>Forum Praktyk\u00f3w Partycypacji zosta\u0142o zorganizowane w ramach projektu \u201cKurs &#8211; Partycypacja!\u201d, wsp\u00f3\u0142finansowanego przez Szwajcari\u0119 w ramach szwajcarskiego programu wsp\u00f3\u0142pracy z nowymi krajami cz\u0142onkowskimi Unii Europejskiej oraz ze \u015brodk\u00f3w Fundacji im. Stefana Batorego.<\/i><\/p>\n<p><a href=\"http:\/\/archiwum.partycypacjaobywatelska.pl\/wp-content\/uploads\/2014\/03\/logotypy_kurs.jpg\"><img class=\"alignleft wp-image-2022 \" src=\"http:\/\/archiwum.partycypacjaobywatelska.pl\/wp-content\/uploads\/2014\/03\/logotypy_kurs-1024x113.jpg\" alt=\"logotypy_kurs\" \/><\/a><\/p>\n","protected":false},"excerpt":{"rendered":"<p>Forum Praktyk\u00f3w Partycypacji to dwudniowe wydarzenie o interaktywnej formule, skierowane do os\u00f3b, kt\u00f3re aktywnie zajmuj\u0105 si\u0119 tematyk\u0105 partycypacji obywatelskiej: maj\u0105 wiedz\u0119 i do\u015bwiadczenie w realizacji r\u00f3\u017cnego rodzaju proces\u00f3w partycypacyjnych, chc\u0105 zdoby\u0107 nowe kontakty i poruszy\u0107 podczas spotkania bardziej skomplikowane zagadnienia. Tak &#8211; w du\u017cym skr\u00f3cie &#8211; by\u0142o na pierwszym Forum w Warszawie, w dniach 29-30.05.2014. [&hellip;]<\/p>\n","protected":false},"author":73,"featured_media":0,"parent":0,"menu_order":0,"comment_status":"open","ping_status":"open","template":"template-forum_praktykow.php","meta":[],"_links":{"self":[{"href":"https:\/\/partycypacjaobywatelska.pl\/forum-2014\/wp-json\/wp\/v2\/pages\/26"}],"collection":[{"href":"https:\/\/partycypacjaobywatelska.pl\/forum-2014\/wp-json\/wp\/v2\/pages"}],"about":[{"href":"https:\/\/partycypacjaobywatelska.pl\/forum-2014\/wp-json\/wp\/v2\/types\/page"}],"author":[{"embeddable":true,"href":"https:\/\/partycypacjaobywatelska.pl\/forum-2014\/wp-json\/wp\/v2\/users\/73"}],"replies":[{"embeddable":true,"href":"https:\/\/partycypacjaobywatelska.pl\/forum-2014\/wp-json\/wp\/v2\/comments?post=26"}],"version-history":[{"count":2,"href":"https:\/\/partycypacjaobywatelska.pl\/forum-2014\/wp-json\/wp\/v2\/pages\/26\/revisions"}],"predecessor-version":[{"id":28,"href":"https:\/\/partycypacjaobywatelska.pl\/forum-2014\/wp-json\/wp\/v2\/pages\/26\/revisions\/28"}],"wp:attachment":[{"href":"https:\/\/partycypacjaobywatelska.pl\/forum-2014\/wp-json\/wp\/v2\/media?parent=26"}],"curies":[{"name":"wp","href":"https:\/\/api.w.org\/{rel}","templated":true}]}}