{"id":945,"date":"2022-09-14T16:04:35","date_gmt":"2022-09-14T14:04:35","guid":{"rendered":"https:\/\/partycypacjaobywatelska.pl\/fora-regionalne\/?page_id=945"},"modified":"2022-09-15T12:23:16","modified_gmt":"2022-09-15T10:23:16","slug":"obywatelski-monitoring-funduszy-europejskich-dla-lodzkiego-2021-2027-jak-wplywac-na-przestrzeganie-spraw-podstawowych-w-trakcie-realizacji-programu","status":"publish","type":"page","link":"https:\/\/partycypacjaobywatelska.pl\/fora-regionalne\/lodz\/obywatelski-monitoring-funduszy-europejskich-dla-lodzkiego-2021-2027-jak-wplywac-na-przestrzeganie-spraw-podstawowych-w-trakcie-realizacji-programu\/","title":{"rendered":"Obywatelski Monitoring Funduszy Europejskich dla \u0141\u00f3dzkiego 2021-2027: jak wp\u0142ywa\u0107 na przestrzeganie (s)praw podstawowych w trakcie realizacji programu?"},"content":{"rendered":"","protected":false},"excerpt":{"rendered":"","protected":false},"author":177,"featured_media":0,"parent":806,"menu_order":0,"comment_status":"closed","ping_status":"closed","template":"template-program.php","meta":[],"_links":{"self":[{"href":"https:\/\/partycypacjaobywatelska.pl\/fora-regionalne\/wp-json\/wp\/v2\/pages\/945"}],"collection":[{"href":"https:\/\/partycypacjaobywatelska.pl\/fora-regionalne\/wp-json\/wp\/v2\/pages"}],"about":[{"href":"https:\/\/partycypacjaobywatelska.pl\/fora-regionalne\/wp-json\/wp\/v2\/types\/page"}],"author":[{"embeddable":true,"href":"https:\/\/partycypacjaobywatelska.pl\/fora-regionalne\/wp-json\/wp\/v2\/users\/177"}],"replies":[{"embeddable":true,"href":"https:\/\/partycypacjaobywatelska.pl\/fora-regionalne\/wp-json\/wp\/v2\/comments?post=945"}],"version-history":[{"count":5,"href":"https:\/\/partycypacjaobywatelska.pl\/fora-regionalne\/wp-json\/wp\/v2\/pages\/945\/revisions"}],"predecessor-version":[{"id":955,"href":"https:\/\/partycypacjaobywatelska.pl\/fora-regionalne\/wp-json\/wp\/v2\/pages\/945\/revisions\/955"}],"up":[{"embeddable":true,"href":"https:\/\/partycypacjaobywatelska.pl\/fora-regionalne\/wp-json\/wp\/v2\/pages\/806"}],"wp:attachment":[{"href":"https:\/\/partycypacjaobywatelska.pl\/fora-regionalne\/wp-json\/wp\/v2\/media?parent=945"}],"curies":[{"name":"wp","href":"https:\/\/api.w.org\/{rel}","templated":true}]}}