{"id":925,"date":"2022-09-14T14:21:46","date_gmt":"2022-09-14T12:21:46","guid":{"rendered":"https:\/\/partycypacjaobywatelska.pl\/fora-regionalne\/?page_id=925"},"modified":"2022-10-21T13:25:36","modified_gmt":"2022-10-21T11:25:36","slug":"mikrogranty-czyli-jak-lokalnie-dzialac-z-ludzmi","status":"publish","type":"page","link":"https:\/\/partycypacjaobywatelska.pl\/fora-regionalne\/lodz\/mikrogranty-czyli-jak-lokalnie-dzialac-z-ludzmi\/","title":{"rendered":"Mikrogranty, czyli jak lokalnie dzia\u0142a\u0107 z lud\u017ami"},"content":{"rendered":"","protected":false},"excerpt":{"rendered":"","protected":false},"author":177,"featured_media":0,"parent":806,"menu_order":0,"comment_status":"closed","ping_status":"closed","template":"template-program.php","meta":[],"_links":{"self":[{"href":"https:\/\/partycypacjaobywatelska.pl\/fora-regionalne\/wp-json\/wp\/v2\/pages\/925"}],"collection":[{"href":"https:\/\/partycypacjaobywatelska.pl\/fora-regionalne\/wp-json\/wp\/v2\/pages"}],"about":[{"href":"https:\/\/partycypacjaobywatelska.pl\/fora-regionalne\/wp-json\/wp\/v2\/types\/page"}],"author":[{"embeddable":true,"href":"https:\/\/partycypacjaobywatelska.pl\/fora-regionalne\/wp-json\/wp\/v2\/users\/177"}],"replies":[{"embeddable":true,"href":"https:\/\/partycypacjaobywatelska.pl\/fora-regionalne\/wp-json\/wp\/v2\/comments?post=925"}],"version-history":[{"count":5,"href":"https:\/\/partycypacjaobywatelska.pl\/fora-regionalne\/wp-json\/wp\/v2\/pages\/925\/revisions"}],"predecessor-version":[{"id":995,"href":"https:\/\/partycypacjaobywatelska.pl\/fora-regionalne\/wp-json\/wp\/v2\/pages\/925\/revisions\/995"}],"up":[{"embeddable":true,"href":"https:\/\/partycypacjaobywatelska.pl\/fora-regionalne\/wp-json\/wp\/v2\/pages\/806"}],"wp:attachment":[{"href":"https:\/\/partycypacjaobywatelska.pl\/fora-regionalne\/wp-json\/wp\/v2\/media?parent=925"}],"curies":[{"name":"wp","href":"https:\/\/api.w.org\/{rel}","templated":true}]}}