{"id":901,"date":"2022-09-13T13:04:54","date_gmt":"2022-09-13T11:04:54","guid":{"rendered":"https:\/\/partycypacjaobywatelska.pl\/fora-regionalne\/?page_id=901"},"modified":"2022-09-13T13:04:55","modified_gmt":"2022-09-13T11:04:55","slug":"partycypacja-spoleczna-jako-fundament-dzialan-procesu-rewitalizacji","status":"publish","type":"page","link":"https:\/\/partycypacjaobywatelska.pl\/fora-regionalne\/bialystok\/partycypacja-spoleczna-jako-fundament-dzialan-procesu-rewitalizacji\/","title":{"rendered":"Partycypacja spo\u0142eczna jako fundament dzia\u0142a\u0144 procesu rewitalizacji"},"content":{"rendered":"","protected":false},"excerpt":{"rendered":"","protected":false},"author":177,"featured_media":0,"parent":796,"menu_order":0,"comment_status":"closed","ping_status":"closed","template":"template-program.php","meta":[],"_links":{"self":[{"href":"https:\/\/partycypacjaobywatelska.pl\/fora-regionalne\/wp-json\/wp\/v2\/pages\/901"}],"collection":[{"href":"https:\/\/partycypacjaobywatelska.pl\/fora-regionalne\/wp-json\/wp\/v2\/pages"}],"about":[{"href":"https:\/\/partycypacjaobywatelska.pl\/fora-regionalne\/wp-json\/wp\/v2\/types\/page"}],"author":[{"embeddable":true,"href":"https:\/\/partycypacjaobywatelska.pl\/fora-regionalne\/wp-json\/wp\/v2\/users\/177"}],"replies":[{"embeddable":true,"href":"https:\/\/partycypacjaobywatelska.pl\/fora-regionalne\/wp-json\/wp\/v2\/comments?post=901"}],"version-history":[{"count":3,"href":"https:\/\/partycypacjaobywatelska.pl\/fora-regionalne\/wp-json\/wp\/v2\/pages\/901\/revisions"}],"predecessor-version":[{"id":904,"href":"https:\/\/partycypacjaobywatelska.pl\/fora-regionalne\/wp-json\/wp\/v2\/pages\/901\/revisions\/904"}],"up":[{"embeddable":true,"href":"https:\/\/partycypacjaobywatelska.pl\/fora-regionalne\/wp-json\/wp\/v2\/pages\/796"}],"wp:attachment":[{"href":"https:\/\/partycypacjaobywatelska.pl\/fora-regionalne\/wp-json\/wp\/v2\/media?parent=901"}],"curies":[{"name":"wp","href":"https:\/\/api.w.org\/{rel}","templated":true}]}}