{"id":550,"date":"2022-05-13T12:57:51","date_gmt":"2022-05-13T10:57:51","guid":{"rendered":"https:\/\/partycypacjaobywatelska.pl\/fora-regionalne\/?page_id=550"},"modified":"2022-05-26T10:29:30","modified_gmt":"2022-05-26T08:29:30","slug":"urzedy-i-organizacje-wspolpraca","status":"publish","type":"page","link":"https:\/\/partycypacjaobywatelska.pl\/fora-regionalne\/nowa-sol\/urzedy-i-organizacje-wspolpraca\/","title":{"rendered":"Urz\u0119dy i organizacje \u2013 wsp\u00f3\u0142praca nad partycypacj\u0105 widziana z r\u00f3\u017cnych perspektyw"},"content":{"rendered":"","protected":false},"excerpt":{"rendered":"","protected":false},"author":177,"featured_media":0,"parent":501,"menu_order":0,"comment_status":"closed","ping_status":"closed","template":"template-program.php","meta":[],"_links":{"self":[{"href":"https:\/\/partycypacjaobywatelska.pl\/fora-regionalne\/wp-json\/wp\/v2\/pages\/550"}],"collection":[{"href":"https:\/\/partycypacjaobywatelska.pl\/fora-regionalne\/wp-json\/wp\/v2\/pages"}],"about":[{"href":"https:\/\/partycypacjaobywatelska.pl\/fora-regionalne\/wp-json\/wp\/v2\/types\/page"}],"author":[{"embeddable":true,"href":"https:\/\/partycypacjaobywatelska.pl\/fora-regionalne\/wp-json\/wp\/v2\/users\/177"}],"replies":[{"embeddable":true,"href":"https:\/\/partycypacjaobywatelska.pl\/fora-regionalne\/wp-json\/wp\/v2\/comments?post=550"}],"version-history":[{"count":6,"href":"https:\/\/partycypacjaobywatelska.pl\/fora-regionalne\/wp-json\/wp\/v2\/pages\/550\/revisions"}],"predecessor-version":[{"id":658,"href":"https:\/\/partycypacjaobywatelska.pl\/fora-regionalne\/wp-json\/wp\/v2\/pages\/550\/revisions\/658"}],"up":[{"embeddable":true,"href":"https:\/\/partycypacjaobywatelska.pl\/fora-regionalne\/wp-json\/wp\/v2\/pages\/501"}],"wp:attachment":[{"href":"https:\/\/partycypacjaobywatelska.pl\/fora-regionalne\/wp-json\/wp\/v2\/media?parent=550"}],"curies":[{"name":"wp","href":"https:\/\/api.w.org\/{rel}","templated":true}]}}