{"id":392,"date":"2022-04-28T12:09:59","date_gmt":"2022-04-28T10:09:59","guid":{"rendered":"https:\/\/partycypacjaobywatelska.pl\/fora-regionalne\/?page_id=392"},"modified":"2022-04-28T12:09:59","modified_gmt":"2022-04-28T10:09:59","slug":"dlaczego-lepiej-rozmawiac-niz-robic-ankiete-jak-korzystac-z-warsztatowych-i-interaktywnych-form-pracy-z-mieszkancami","status":"publish","type":"page","link":"https:\/\/partycypacjaobywatelska.pl\/fora-regionalne\/torun\/dlaczego-lepiej-rozmawiac-niz-robic-ankiete-jak-korzystac-z-warsztatowych-i-interaktywnych-form-pracy-z-mieszkancami\/","title":{"rendered":"Dlaczego lepiej rozmawia\u0107 ni\u017c robi\u0107 ankiet\u0119? Jak korzysta\u0107 z warsztatowych i interaktywnych form pracy z mieszka\u0144cami"},"content":{"rendered":"","protected":false},"excerpt":{"rendered":"","protected":false},"author":177,"featured_media":0,"parent":261,"menu_order":0,"comment_status":"closed","ping_status":"closed","template":"template-program.php","meta":[],"_links":{"self":[{"href":"https:\/\/partycypacjaobywatelska.pl\/fora-regionalne\/wp-json\/wp\/v2\/pages\/392"}],"collection":[{"href":"https:\/\/partycypacjaobywatelska.pl\/fora-regionalne\/wp-json\/wp\/v2\/pages"}],"about":[{"href":"https:\/\/partycypacjaobywatelska.pl\/fora-regionalne\/wp-json\/wp\/v2\/types\/page"}],"author":[{"embeddable":true,"href":"https:\/\/partycypacjaobywatelska.pl\/fora-regionalne\/wp-json\/wp\/v2\/users\/177"}],"replies":[{"embeddable":true,"href":"https:\/\/partycypacjaobywatelska.pl\/fora-regionalne\/wp-json\/wp\/v2\/comments?post=392"}],"version-history":[{"count":2,"href":"https:\/\/partycypacjaobywatelska.pl\/fora-regionalne\/wp-json\/wp\/v2\/pages\/392\/revisions"}],"predecessor-version":[{"id":398,"href":"https:\/\/partycypacjaobywatelska.pl\/fora-regionalne\/wp-json\/wp\/v2\/pages\/392\/revisions\/398"}],"up":[{"embeddable":true,"href":"https:\/\/partycypacjaobywatelska.pl\/fora-regionalne\/wp-json\/wp\/v2\/pages\/261"}],"wp:attachment":[{"href":"https:\/\/partycypacjaobywatelska.pl\/fora-regionalne\/wp-json\/wp\/v2\/media?parent=392"}],"curies":[{"name":"wp","href":"https:\/\/api.w.org\/{rel}","templated":true}]}}