{"id":375,"date":"2022-04-28T11:50:20","date_gmt":"2022-04-28T09:50:20","guid":{"rendered":"https:\/\/partycypacjaobywatelska.pl\/fora-regionalne\/?page_id=375"},"modified":"2022-05-18T15:03:27","modified_gmt":"2022-05-18T13:03:27","slug":"zielen-i-srodowisko-w-centrum-aktywnosci-mieszkancow-miast-jak-wykorzystac-energie-spoleczna-do-poszerzania-pola-wspolpracy-na-rzecz-zieleni","status":"publish","type":"page","link":"https:\/\/partycypacjaobywatelska.pl\/fora-regionalne\/torun\/zielen-i-srodowisko-w-centrum-aktywnosci-mieszkancow-miast-jak-wykorzystac-energie-spoleczna-do-poszerzania-pola-wspolpracy-na-rzecz-zieleni\/","title":{"rendered":"Ziele\u0144 i \u015brodowisko w centrum aktywno\u015bci mieszka\u0144c\u00f3w miast. Jak wykorzysta\u0107 energi\u0119 spo\u0142eczn\u0105 do poszerzania pola wsp\u00f3\u0142pracy na rzecz zieleni?"},"content":{"rendered":"","protected":false},"excerpt":{"rendered":"","protected":false},"author":177,"featured_media":0,"parent":261,"menu_order":0,"comment_status":"closed","ping_status":"closed","template":"template-program.php","meta":[],"_links":{"self":[{"href":"https:\/\/partycypacjaobywatelska.pl\/fora-regionalne\/wp-json\/wp\/v2\/pages\/375"}],"collection":[{"href":"https:\/\/partycypacjaobywatelska.pl\/fora-regionalne\/wp-json\/wp\/v2\/pages"}],"about":[{"href":"https:\/\/partycypacjaobywatelska.pl\/fora-regionalne\/wp-json\/wp\/v2\/types\/page"}],"author":[{"embeddable":true,"href":"https:\/\/partycypacjaobywatelska.pl\/fora-regionalne\/wp-json\/wp\/v2\/users\/177"}],"replies":[{"embeddable":true,"href":"https:\/\/partycypacjaobywatelska.pl\/fora-regionalne\/wp-json\/wp\/v2\/comments?post=375"}],"version-history":[{"count":7,"href":"https:\/\/partycypacjaobywatelska.pl\/fora-regionalne\/wp-json\/wp\/v2\/pages\/375\/revisions"}],"predecessor-version":[{"id":644,"href":"https:\/\/partycypacjaobywatelska.pl\/fora-regionalne\/wp-json\/wp\/v2\/pages\/375\/revisions\/644"}],"up":[{"embeddable":true,"href":"https:\/\/partycypacjaobywatelska.pl\/fora-regionalne\/wp-json\/wp\/v2\/pages\/261"}],"wp:attachment":[{"href":"https:\/\/partycypacjaobywatelska.pl\/fora-regionalne\/wp-json\/wp\/v2\/media?parent=375"}],"curies":[{"name":"wp","href":"https:\/\/api.w.org\/{rel}","templated":true}]}}