{"id":1371,"date":"2023-04-04T14:45:15","date_gmt":"2023-04-04T12:45:15","guid":{"rendered":"https:\/\/partycypacjaobywatelska.pl\/fora-regionalne\/?page_id=1371"},"modified":"2023-04-20T14:52:20","modified_gmt":"2023-04-20T12:52:20","slug":"tyle-soltys-moze-ile-wies-pomoze-o-funduszach-soleckich-i-wlaczaniu-mieszkancow-do-wspoldecydowania","status":"publish","type":"page","link":"https:\/\/partycypacjaobywatelska.pl\/fora-regionalne\/przemysl\/tyle-soltys-moze-ile-wies-pomoze-o-funduszach-soleckich-i-wlaczaniu-mieszkancow-do-wspoldecydowania\/","title":{"rendered":"Tyle so\u0142tys mo\u017ce, ile wie\u015b pomo\u017ce. O funduszach so\u0142eckich i w\u0142\u0105czaniu mieszka\u0144c\u00f3w do wsp\u00f3\u0142decydowania."},"content":{"rendered":"","protected":false},"excerpt":{"rendered":"","protected":false},"author":177,"featured_media":0,"parent":1292,"menu_order":0,"comment_status":"closed","ping_status":"closed","template":"template-program.php","meta":[],"_links":{"self":[{"href":"https:\/\/partycypacjaobywatelska.pl\/fora-regionalne\/wp-json\/wp\/v2\/pages\/1371"}],"collection":[{"href":"https:\/\/partycypacjaobywatelska.pl\/fora-regionalne\/wp-json\/wp\/v2\/pages"}],"about":[{"href":"https:\/\/partycypacjaobywatelska.pl\/fora-regionalne\/wp-json\/wp\/v2\/types\/page"}],"author":[{"embeddable":true,"href":"https:\/\/partycypacjaobywatelska.pl\/fora-regionalne\/wp-json\/wp\/v2\/users\/177"}],"replies":[{"embeddable":true,"href":"https:\/\/partycypacjaobywatelska.pl\/fora-regionalne\/wp-json\/wp\/v2\/comments?post=1371"}],"version-history":[{"count":2,"href":"https:\/\/partycypacjaobywatelska.pl\/fora-regionalne\/wp-json\/wp\/v2\/pages\/1371\/revisions"}],"predecessor-version":[{"id":1373,"href":"https:\/\/partycypacjaobywatelska.pl\/fora-regionalne\/wp-json\/wp\/v2\/pages\/1371\/revisions\/1373"}],"up":[{"embeddable":true,"href":"https:\/\/partycypacjaobywatelska.pl\/fora-regionalne\/wp-json\/wp\/v2\/pages\/1292"}],"wp:attachment":[{"href":"https:\/\/partycypacjaobywatelska.pl\/fora-regionalne\/wp-json\/wp\/v2\/media?parent=1371"}],"curies":[{"name":"wp","href":"https:\/\/api.w.org\/{rel}","templated":true}]}}