{"id":1331,"date":"2023-03-28T12:44:36","date_gmt":"2023-03-28T10:44:36","guid":{"rendered":"https:\/\/partycypacjaobywatelska.pl\/fora-regionalne\/?page_id=1331"},"modified":"2023-04-04T12:55:24","modified_gmt":"2023-04-04T10:55:24","slug":"spoleczny-wymiar-rewitalizacji-jak-wspolpracowac-z-partnerami-spolecznymi-na-etapie-planowania-i-realizacji-dzialan-rewitalizacyjnych","status":"publish","type":"page","link":"https:\/\/partycypacjaobywatelska.pl\/fora-regionalne\/krakow\/spoleczny-wymiar-rewitalizacji-jak-wspolpracowac-z-partnerami-spolecznymi-na-etapie-planowania-i-realizacji-dzialan-rewitalizacyjnych\/","title":{"rendered":"Spo\u0142eczny wymiar rewitalizacji \u2013 jak wsp\u00f3\u0142pracowa\u0107 z partnerami spo\u0142ecznymi na etapie planowania i realizacji dzia\u0142a\u0144 rewitalizacyjnych?"},"content":{"rendered":"","protected":false},"excerpt":{"rendered":"","protected":false},"author":177,"featured_media":0,"parent":1305,"menu_order":0,"comment_status":"closed","ping_status":"closed","template":"template-program.php","meta":[],"_links":{"self":[{"href":"https:\/\/partycypacjaobywatelska.pl\/fora-regionalne\/wp-json\/wp\/v2\/pages\/1331"}],"collection":[{"href":"https:\/\/partycypacjaobywatelska.pl\/fora-regionalne\/wp-json\/wp\/v2\/pages"}],"about":[{"href":"https:\/\/partycypacjaobywatelska.pl\/fora-regionalne\/wp-json\/wp\/v2\/types\/page"}],"author":[{"embeddable":true,"href":"https:\/\/partycypacjaobywatelska.pl\/fora-regionalne\/wp-json\/wp\/v2\/users\/177"}],"replies":[{"embeddable":true,"href":"https:\/\/partycypacjaobywatelska.pl\/fora-regionalne\/wp-json\/wp\/v2\/comments?post=1331"}],"version-history":[{"count":4,"href":"https:\/\/partycypacjaobywatelska.pl\/fora-regionalne\/wp-json\/wp\/v2\/pages\/1331\/revisions"}],"predecessor-version":[{"id":1356,"href":"https:\/\/partycypacjaobywatelska.pl\/fora-regionalne\/wp-json\/wp\/v2\/pages\/1331\/revisions\/1356"}],"up":[{"embeddable":true,"href":"https:\/\/partycypacjaobywatelska.pl\/fora-regionalne\/wp-json\/wp\/v2\/pages\/1305"}],"wp:attachment":[{"href":"https:\/\/partycypacjaobywatelska.pl\/fora-regionalne\/wp-json\/wp\/v2\/media?parent=1331"}],"curies":[{"name":"wp","href":"https:\/\/api.w.org\/{rel}","templated":true}]}}