{"id":432,"date":"2024-03-08T16:13:27","date_gmt":"2024-03-08T15:13:27","guid":{"rendered":"https:\/\/partycypacjaobywatelska.pl\/debiuty\/?page_id=432"},"modified":"2025-05-07T13:55:30","modified_gmt":"2025-05-07T11:55:30","slug":"historie-uczestnikow","status":"publish","type":"page","link":"https:\/\/partycypacjaobywatelska.pl\/debiuty\/historie-uczestnikow\/","title":{"rendered":"Historie debiut\u00f3w"},"content":{"rendered":"<p>Chcemy pokaza\u0107 ludziom, \u017ce mog\u0105 zmienia\u0107 rzeczywisto\u015b\u0107, musz\u0105 tylko wiedzie\u0107 jak \u2013 m\u00f3wi\u0105 mieszka\u0144cy wsi i ma\u0142ych miast, kt\u00f3rzy w\u0142\u0105czyli si\u0119 w projekt \u201eDebiuty w partycypacji\u201d. Swoje niewielkie spo\u0142eczno\u015bci zaanga\u017cowali do ratowania zasob\u00f3w wody, wprowadzenia bud\u017cetu obywatelskiego czy stworzenia miejsca dla m\u0142odych do rozwijania pasji. Zach\u0119camy do poznania historii przeprowadzonych debiut\u00f3w.<\/p>\n","protected":false},"excerpt":{"rendered":"<p>Chcemy pokaza\u0107 ludziom, \u017ce mog\u0105 zmienia\u0107 rzeczywisto\u015b\u0107, musz\u0105 tylko wiedzie\u0107 jak \u2013 m\u00f3wi\u0105 mieszka\u0144cy wsi i ma\u0142ych miast, kt\u00f3rzy w\u0142\u0105czyli si\u0119 w projekt \u201eDebiuty w partycypacji\u201d. Swoje niewielkie spo\u0142eczno\u015bci zaanga\u017cowali do ratowania zasob\u00f3w wody, wprowadzenia bud\u017cetu obywatelskiego czy stworzenia miejsca dla m\u0142odych do rozwijania pasji. Zach\u0119camy do poznania historii przeprowadzonych debiut\u00f3w.<\/p>\n","protected":false},"author":1,"featured_media":0,"parent":0,"menu_order":0,"comment_status":"closed","ping_status":"closed","template":"templates\/template-news.php","meta":[],"_links":{"self":[{"href":"https:\/\/partycypacjaobywatelska.pl\/debiuty\/wp-json\/wp\/v2\/pages\/432"}],"collection":[{"href":"https:\/\/partycypacjaobywatelska.pl\/debiuty\/wp-json\/wp\/v2\/pages"}],"about":[{"href":"https:\/\/partycypacjaobywatelska.pl\/debiuty\/wp-json\/wp\/v2\/types\/page"}],"author":[{"embeddable":true,"href":"https:\/\/partycypacjaobywatelska.pl\/debiuty\/wp-json\/wp\/v2\/users\/1"}],"replies":[{"embeddable":true,"href":"https:\/\/partycypacjaobywatelska.pl\/debiuty\/wp-json\/wp\/v2\/comments?post=432"}],"version-history":[{"count":14,"href":"https:\/\/partycypacjaobywatelska.pl\/debiuty\/wp-json\/wp\/v2\/pages\/432\/revisions"}],"predecessor-version":[{"id":675,"href":"https:\/\/partycypacjaobywatelska.pl\/debiuty\/wp-json\/wp\/v2\/pages\/432\/revisions\/675"}],"wp:attachment":[{"href":"https:\/\/partycypacjaobywatelska.pl\/debiuty\/wp-json\/wp\/v2\/media?parent=432"}],"curies":[{"name":"wp","href":"https:\/\/api.w.org\/{rel}","templated":true}]}}